{"id":49,"date":"2018-05-18T16:13:11","date_gmt":"2018-05-18T14:13:11","guid":{"rendered":"http:\/\/dento-budo-dojo.fr\/?page_id=49"},"modified":"2019-05-05T16:27:13","modified_gmt":"2019-05-05T14:27:13","slug":"graduation-du-ryu","status":"publish","type":"page","link":"http:\/\/dento-budo-dojo.fr\/?page_id=49","title":{"rendered":"Graduation du Ryu"},"content":{"rendered":"<h2><span style=\"color: #0000ff;\">Syst\u00e8me de graduation du Tengu ryu<\/span><\/h2>\n<p>&nbsp;<\/p>\n<p>Le <strong>Dento Budo Dojo<\/strong> suit la progression qui est celle du Ryu cr\u00e9\u00e9 en 1995 par <span style=\"color: #800080;\"><em><strong>sok\u00e9 Roland Habersetzer<\/strong><\/em><\/span>, le <a href=\"http:\/\/www.tengu.fr\" target=\"_blank\" rel=\"noopener noreferrer\"><span style=\"color: #993366;\">Tengu-no-michi<\/span><\/a>.<\/p>\n<p>Quelques explications : contrairement \u00e0 ce que l&rsquo;on croit, le \u00ab\u00a0dan\u00a0\u00bb, qui veut dire niveau en japonais, n&rsquo;est pas \u00e0 l&rsquo;origine utilis\u00e9 dans les \u00e9coles (ryu) qui sont dans la lign\u00e9e de la tradition martiale, car c&rsquo;est \u00e0 Okinawa, et non au Japon, qu&rsquo;est n\u00e9 le \u00ab\u00a0dan\u00a0\u00bb. Aujourd&rsquo;hui, que de d\u00e9bordements&#8230; puisque de nombreux syst\u00e8mes, m\u00eame en dehors de styles qui ne sont pas directement reli\u00e9s au Japon, s&rsquo;approprient le &lsquo;dan&rsquo; comme r\u00e9f\u00e9rence de graduation. Si on veut consid\u00e9rer le dan dans le sport, qu&rsquo;on en face un \u00ab\u00a0dan sportif\u00a0\u00bb mais qui n&rsquo;a rien \u00e0 voir avec celui s&rsquo;inscrivant dans l&rsquo;Art Martial (\u00ab\u00a0effacement\u00a0\u00bb de l&rsquo;Ego) dont les objectifs sont \u00e0 l&rsquo;oppos\u00e9 de celui du sport (inflation de l&rsquo;Ego).<\/p>\n<p>Pour que cela soit explicite, voici pr\u00e9sent\u00e9 dans le tableau ci-apr\u00e8s le syst\u00e8me de grade, ou plut\u00f4t titre, employ\u00e9 dans le ryu (retour au syst\u00e8me traditionnel du <em>Menkyo<\/em> japonais) avec la \u00ab\u00a0correspondance\u00a0\u00bb du dan utilis\u00e9 dans les f\u00e9d\u00e9rations sportives. Cette progression a \u00e9t\u00e9 \u00e9tablie par Shihan Roland Habersetzer, de concert avec <strong><em>Shihan Tadahiko OHTSUKA<\/em><\/strong>, du <strong>Gojukensha<\/strong> de Tokyo.<\/p>\n<p>&nbsp;<\/p>\n<div id=\"attachment_210\" style=\"width: 1597px\" class=\"wp-caption aligncenter\"><img fetchpriority=\"high\" decoding=\"async\" aria-describedby=\"caption-attachment-210\" class=\"size-full wp-image-210\" src=\"http:\/\/dento-budo-dojo.fr\/wp-content\/uploads\/2018\/05\/grade.jpg\" alt=\"Graduation des ceintures noires.\" width=\"1587\" height=\"931\" srcset=\"http:\/\/dento-budo-dojo.fr\/wp-content\/uploads\/2018\/05\/grade-200x117.jpg 200w, http:\/\/dento-budo-dojo.fr\/wp-content\/uploads\/2018\/05\/grade-300x176.jpg 300w, http:\/\/dento-budo-dojo.fr\/wp-content\/uploads\/2018\/05\/grade-400x235.jpg 400w, http:\/\/dento-budo-dojo.fr\/wp-content\/uploads\/2018\/05\/grade-600x352.jpg 600w, http:\/\/dento-budo-dojo.fr\/wp-content\/uploads\/2018\/05\/grade-768x451.jpg 768w, http:\/\/dento-budo-dojo.fr\/wp-content\/uploads\/2018\/05\/grade-800x469.jpg 800w, http:\/\/dento-budo-dojo.fr\/wp-content\/uploads\/2018\/05\/grade-1024x601.jpg 1024w, http:\/\/dento-budo-dojo.fr\/wp-content\/uploads\/2018\/05\/grade-1200x704.jpg 1200w, http:\/\/dento-budo-dojo.fr\/wp-content\/uploads\/2018\/05\/grade.jpg 1587w\" sizes=\"(max-width: 1587px) 100vw, 1587px\" \/><p id=\"caption-attachment-210\" class=\"wp-caption-text\"><span style=\"color: #0000ff;\"><br \/>Tableau r\u00e9capitulatif \u00e9tabli pour l&rsquo;\u00e9cole <strong>Tengu-ryu<\/strong>, avec les \u00e9quivalences de la graduation par les <strong><em>dan<\/em><\/strong>.<\/span><\/p><\/div>\n","protected":false},"excerpt":{"rendered":"<p>Syst\u00e8me de graduation du Tengu ryu &nbsp; Le Dento Budo [&hellip;]<\/p>\n","protected":false},"author":1,"featured_media":0,"parent":0,"menu_order":0,"comment_status":"closed","ping_status":"closed","template":"","meta":{"footnotes":""},"class_list":["post-49","page","type-page","status-publish","hentry"],"yoast_head":"<!-- This site is optimized with the Yoast SEO plugin v24.1 - https:\/\/yoast.com\/wordpress\/plugins\/seo\/ -->\n<title>Graduation du Ryu - Dento Budo Dojo<\/title>\n<meta name=\"robots\" content=\"index, follow, max-snippet:-1, max-image-preview:large, max-video-preview:-1\" \/>\n<link rel=\"canonical\" href=\"http:\/\/dento-budo-dojo.fr\/?page_id=49\" \/>\n<meta property=\"og:locale\" content=\"fr_FR\" \/>\n<meta property=\"og:type\" content=\"article\" \/>\n<meta property=\"og:title\" content=\"Graduation du Ryu - Dento Budo Dojo\" \/>\n<meta property=\"og:description\" content=\"Syst\u00e8me de graduation du Tengu ryu &nbsp; Le Dento Budo [&hellip;]\" \/>\n<meta property=\"og:url\" content=\"http:\/\/dento-budo-dojo.fr\/?page_id=49\" \/>\n<meta property=\"og:site_name\" content=\"Dento Budo Dojo\" \/>\n<meta property=\"article:modified_time\" content=\"2019-05-05T14:27:13+00:00\" \/>\n<meta property=\"og:image\" content=\"http:\/\/dento-budo-dojo.fr\/wp-content\/uploads\/2018\/05\/grade.jpg\" \/>\n<meta name=\"twitter:card\" content=\"summary_large_image\" \/>\n<meta name=\"twitter:label1\" content=\"Dur\u00e9e de lecture estim\u00e9e\" \/>\n\t<meta name=\"twitter:data1\" content=\"1 minute\" \/>\n<script type=\"application\/ld+json\" class=\"yoast-schema-graph\">{\"@context\":\"https:\/\/schema.org\",\"@graph\":[{\"@type\":\"WebPage\",\"@id\":\"http:\/\/dento-budo-dojo.fr\/?page_id=49\",\"url\":\"http:\/\/dento-budo-dojo.fr\/?page_id=49\",\"name\":\"Graduation du Ryu - Dento Budo Dojo\",\"isPartOf\":{\"@id\":\"http:\/\/dento-budo-dojo.fr\/#website\"},\"primaryImageOfPage\":{\"@id\":\"http:\/\/dento-budo-dojo.fr\/?page_id=49#primaryimage\"},\"image\":{\"@id\":\"http:\/\/dento-budo-dojo.fr\/?page_id=49#primaryimage\"},\"thumbnailUrl\":\"http:\/\/dento-budo-dojo.fr\/wp-content\/uploads\/2018\/05\/grade.jpg\",\"datePublished\":\"2018-05-18T14:13:11+00:00\",\"dateModified\":\"2019-05-05T14:27:13+00:00\",\"breadcrumb\":{\"@id\":\"http:\/\/dento-budo-dojo.fr\/?page_id=49#breadcrumb\"},\"inLanguage\":\"fr-FR\",\"potentialAction\":[{\"@type\":\"ReadAction\",\"target\":[\"http:\/\/dento-budo-dojo.fr\/?page_id=49\"]}]},{\"@type\":\"ImageObject\",\"inLanguage\":\"fr-FR\",\"@id\":\"http:\/\/dento-budo-dojo.fr\/?page_id=49#primaryimage\",\"url\":\"http:\/\/dento-budo-dojo.fr\/wp-content\/uploads\/2018\/05\/grade.jpg\",\"contentUrl\":\"http:\/\/dento-budo-dojo.fr\/wp-content\/uploads\/2018\/05\/grade.jpg\",\"width\":1587,\"height\":931,\"caption\":\"Tableau r\u00e9capitulatif \u00e9tabli pour l'\u00e9cole Tengu-ryu, avec les \u00e9quivalences de la graduation par les dan.\"},{\"@type\":\"BreadcrumbList\",\"@id\":\"http:\/\/dento-budo-dojo.fr\/?page_id=49#breadcrumb\",\"itemListElement\":[{\"@type\":\"ListItem\",\"position\":1,\"name\":\"Accueil\",\"item\":\"https:\/\/dento-budo-dojo.fr\/\"},{\"@type\":\"ListItem\",\"position\":2,\"name\":\"Graduation du Ryu\"}]},{\"@type\":\"WebSite\",\"@id\":\"http:\/\/dento-budo-dojo.fr\/#website\",\"url\":\"http:\/\/dento-budo-dojo.fr\/\",\"name\":\"Dento Budo Dojo\",\"description\":\"Ne pas se battre, ne pas subir.\",\"potentialAction\":[{\"@type\":\"SearchAction\",\"target\":{\"@type\":\"EntryPoint\",\"urlTemplate\":\"http:\/\/dento-budo-dojo.fr\/?s={search_term_string}\"},\"query-input\":{\"@type\":\"PropertyValueSpecification\",\"valueRequired\":true,\"valueName\":\"search_term_string\"}}],\"inLanguage\":\"fr-FR\"}]}<\/script>\n<!-- \/ Yoast SEO plugin. -->","yoast_head_json":{"title":"Graduation du Ryu - Dento Budo Dojo","robots":{"index":"index","follow":"follow","max-snippet":"max-snippet:-1","max-image-preview":"max-image-preview:large","max-video-preview":"max-video-preview:-1"},"canonical":"http:\/\/dento-budo-dojo.fr\/?page_id=49","og_locale":"fr_FR","og_type":"article","og_title":"Graduation du Ryu - Dento Budo Dojo","og_description":"Syst\u00e8me de graduation du Tengu ryu &nbsp; Le Dento Budo [&hellip;]","og_url":"http:\/\/dento-budo-dojo.fr\/?page_id=49","og_site_name":"Dento Budo Dojo","article_modified_time":"2019-05-05T14:27:13+00:00","og_image":[{"url":"http:\/\/dento-budo-dojo.fr\/wp-content\/uploads\/2018\/05\/grade.jpg","type":"","width":"","height":""}],"twitter_card":"summary_large_image","twitter_misc":{"Dur\u00e9e de lecture estim\u00e9e":"1 minute"},"schema":{"@context":"https:\/\/schema.org","@graph":[{"@type":"WebPage","@id":"http:\/\/dento-budo-dojo.fr\/?page_id=49","url":"http:\/\/dento-budo-dojo.fr\/?page_id=49","name":"Graduation du Ryu - Dento Budo Dojo","isPartOf":{"@id":"http:\/\/dento-budo-dojo.fr\/#website"},"primaryImageOfPage":{"@id":"http:\/\/dento-budo-dojo.fr\/?page_id=49#primaryimage"},"image":{"@id":"http:\/\/dento-budo-dojo.fr\/?page_id=49#primaryimage"},"thumbnailUrl":"http:\/\/dento-budo-dojo.fr\/wp-content\/uploads\/2018\/05\/grade.jpg","datePublished":"2018-05-18T14:13:11+00:00","dateModified":"2019-05-05T14:27:13+00:00","breadcrumb":{"@id":"http:\/\/dento-budo-dojo.fr\/?page_id=49#breadcrumb"},"inLanguage":"fr-FR","potentialAction":[{"@type":"ReadAction","target":["http:\/\/dento-budo-dojo.fr\/?page_id=49"]}]},{"@type":"ImageObject","inLanguage":"fr-FR","@id":"http:\/\/dento-budo-dojo.fr\/?page_id=49#primaryimage","url":"http:\/\/dento-budo-dojo.fr\/wp-content\/uploads\/2018\/05\/grade.jpg","contentUrl":"http:\/\/dento-budo-dojo.fr\/wp-content\/uploads\/2018\/05\/grade.jpg","width":1587,"height":931,"caption":"Tableau r\u00e9capitulatif \u00e9tabli pour l'\u00e9cole Tengu-ryu, avec les \u00e9quivalences de la graduation par les dan."},{"@type":"BreadcrumbList","@id":"http:\/\/dento-budo-dojo.fr\/?page_id=49#breadcrumb","itemListElement":[{"@type":"ListItem","position":1,"name":"Accueil","item":"https:\/\/dento-budo-dojo.fr\/"},{"@type":"ListItem","position":2,"name":"Graduation du Ryu"}]},{"@type":"WebSite","@id":"http:\/\/dento-budo-dojo.fr\/#website","url":"http:\/\/dento-budo-dojo.fr\/","name":"Dento Budo Dojo","description":"Ne pas se battre, ne pas subir.","potentialAction":[{"@type":"SearchAction","target":{"@type":"EntryPoint","urlTemplate":"http:\/\/dento-budo-dojo.fr\/?s={search_term_string}"},"query-input":{"@type":"PropertyValueSpecification","valueRequired":true,"valueName":"search_term_string"}}],"inLanguage":"fr-FR"}]}},"_links":{"self":[{"href":"http:\/\/dento-budo-dojo.fr\/index.php?rest_route=\/wp\/v2\/pages\/49","targetHints":{"allow":["GET"]}}],"collection":[{"href":"http:\/\/dento-budo-dojo.fr\/index.php?rest_route=\/wp\/v2\/pages"}],"about":[{"href":"http:\/\/dento-budo-dojo.fr\/index.php?rest_route=\/wp\/v2\/types\/page"}],"author":[{"embeddable":true,"href":"http:\/\/dento-budo-dojo.fr\/index.php?rest_route=\/wp\/v2\/users\/1"}],"replies":[{"embeddable":true,"href":"http:\/\/dento-budo-dojo.fr\/index.php?rest_route=%2Fwp%2Fv2%2Fcomments&post=49"}],"version-history":[{"count":8,"href":"http:\/\/dento-budo-dojo.fr\/index.php?rest_route=\/wp\/v2\/pages\/49\/revisions"}],"predecessor-version":[{"id":1803,"href":"http:\/\/dento-budo-dojo.fr\/index.php?rest_route=\/wp\/v2\/pages\/49\/revisions\/1803"}],"wp:attachment":[{"href":"http:\/\/dento-budo-dojo.fr\/index.php?rest_route=%2Fwp%2Fv2%2Fmedia&parent=49"}],"curies":[{"name":"wp","href":"https:\/\/api.w.org\/{rel}","templated":true}]}}