{"id":2488,"date":"2020-08-27T08:06:06","date_gmt":"2020-08-27T06:06:06","guid":{"rendered":"http:\/\/dento-budo-dojo.fr\/?page_id=2488"},"modified":"2020-08-27T08:39:11","modified_gmt":"2020-08-27T06:39:11","slug":"elementor-2488","status":"publish","type":"page","link":"http:\/\/dento-budo-dojo.fr\/?page_id=2488","title":{"rendered":"covid-19"},"content":{"rendered":"\t\t<div data-elementor-type=\"wp-page\" data-elementor-id=\"2488\" class=\"elementor elementor-2488\">\n\t\t\t\t\t\t<section class=\"elementor-section elementor-top-section elementor-element elementor-element-ba38185 elementor-section-boxed elementor-section-height-default elementor-section-height-default\" data-id=\"ba38185\" data-element_type=\"section\" data-e-type=\"section\">\n\t\t\t\t\t\t<div class=\"elementor-container elementor-column-gap-default\">\n\t\t\t\t\t<div class=\"elementor-column elementor-col-33 elementor-top-column elementor-element elementor-element-9cf3b37\" data-id=\"9cf3b37\" data-element_type=\"column\" data-e-type=\"column\">\n\t\t\t<div class=\"elementor-widget-wrap elementor-element-populated\">\n\t\t\t\t\t\t<div class=\"elementor-element elementor-element-bb7b68e elementor-widget elementor-widget-image\" data-id=\"bb7b68e\" data-element_type=\"widget\" data-e-type=\"widget\" data-widget_type=\"image.default\">\n\t\t\t\t<div class=\"elementor-widget-container\">\n\t\t\t\t\t\t\t\t\t\t\t\t\t\t\t<img decoding=\"async\" width=\"143\" height=\"146\" src=\"http:\/\/dento-budo-dojo.fr\/wp-content\/uploads\/2018\/05\/logo-voeux-dbd.png\" class=\"attachment-large size-large wp-image-17\" alt=\"dento-budo-dojo logo\" srcset=\"http:\/\/dento-budo-dojo.fr\/wp-content\/uploads\/2018\/05\/logo-voeux-dbd-66x66.png 66w, http:\/\/dento-budo-dojo.fr\/wp-content\/uploads\/2018\/05\/logo-voeux-dbd.png 143w\" sizes=\"(max-width: 143px) 100vw, 143px\" \/>\t\t\t\t\t\t\t\t\t\t\t\t\t\t\t<\/div>\n\t\t\t\t<\/div>\n\t\t\t\t\t<\/div>\n\t\t<\/div>\n\t\t\t\t<div class=\"elementor-column elementor-col-33 elementor-top-column elementor-element elementor-element-e551e38\" data-id=\"e551e38\" data-element_type=\"column\" data-e-type=\"column\">\n\t\t\t<div class=\"elementor-widget-wrap elementor-element-populated\">\n\t\t\t\t\t\t<div class=\"elementor-element elementor-element-6743e12 elementor-widget elementor-widget-spacer\" data-id=\"6743e12\" data-element_type=\"widget\" data-e-type=\"widget\" data-widget_type=\"spacer.default\">\n\t\t\t\t<div class=\"elementor-widget-container\">\n\t\t\t\t\t\t\t<div class=\"elementor-spacer\">\n\t\t\t<div class=\"elementor-spacer-inner\"><\/div>\n\t\t<\/div>\n\t\t\t\t\t\t<\/div>\n\t\t\t\t<\/div>\n\t\t\t\t<div class=\"elementor-element elementor-element-bd8ab7b elementor-widget elementor-widget-heading\" data-id=\"bd8ab7b\" data-element_type=\"widget\" data-e-type=\"widget\" data-widget_type=\"heading.default\">\n\t\t\t\t<div class=\"elementor-widget-container\">\n\t\t\t\t\t<h1 class=\"elementor-heading-title elementor-size-default\">Faire du karat\u00e9, tai chi chuan ou qi gong en pr\u00e9sence du covid-19, est-ce possible ?<\/h1>\t\t\t\t<\/div>\n\t\t\t\t<\/div>\n\t\t\t\t\t<\/div>\n\t\t<\/div>\n\t\t\t\t<div class=\"elementor-column elementor-col-33 elementor-top-column elementor-element elementor-element-2d548aa\" data-id=\"2d548aa\" data-element_type=\"column\" data-e-type=\"column\">\n\t\t\t<div class=\"elementor-widget-wrap elementor-element-populated\">\n\t\t\t\t\t\t<div class=\"elementor-element elementor-element-81060fd elementor-widget elementor-widget-image\" data-id=\"81060fd\" data-element_type=\"widget\" data-e-type=\"widget\" data-widget_type=\"image.default\">\n\t\t\t\t<div class=\"elementor-widget-container\">\n\t\t\t\t\t\t\t\t\t\t\t\t\t\t\t<img decoding=\"async\" src=\"http:\/\/dento-budo-dojo.fr\/wp-content\/uploads\/elementor\/thumbs\/covid-19-oukjeihd6gizy3sry87gll5vq3i9qpia56nwt9t8ok.png\" title=\"covid-19\" alt=\"corona virus\" loading=\"lazy\" \/>\t\t\t\t\t\t\t\t\t\t\t\t\t\t\t<\/div>\n\t\t\t\t<\/div>\n\t\t\t\t\t<\/div>\n\t\t<\/div>\n\t\t\t\t\t<\/div>\n\t\t<\/section>\n\t\t\t\t<section class=\"elementor-section elementor-top-section elementor-element elementor-element-00ed36e elementor-section-boxed elementor-section-height-default elementor-section-height-default\" data-id=\"00ed36e\" data-element_type=\"section\" data-e-type=\"section\">\n\t\t\t\t\t\t<div class=\"elementor-container elementor-column-gap-default\">\n\t\t\t\t\t<div class=\"elementor-column elementor-col-100 elementor-top-column elementor-element elementor-element-0bf3a22\" data-id=\"0bf3a22\" data-element_type=\"column\" data-e-type=\"column\">\n\t\t\t<div class=\"elementor-widget-wrap elementor-element-populated\">\n\t\t\t\t\t\t<div class=\"elementor-element elementor-element-0ef4614 elementor-drop-cap-yes elementor-drop-cap-view-default elementor-widget elementor-widget-text-editor\" data-id=\"0ef4614\" data-element_type=\"widget\" data-e-type=\"widget\" data-settings=\"{&quot;drop_cap&quot;:&quot;yes&quot;}\" data-widget_type=\"text-editor.default\">\n\t\t\t\t<div class=\"elementor-widget-container\">\n\t\t\t\t\t\t\t\t\t<p>Une nouvelle p\u00e9riode s\u2019inscrit en ce moment dans l\u2019histoire personnelle de chacun avec la cohabitation du <strong>Covid-19<\/strong> que nous devons g\u00e9rer. Individuellement comme collectivement, cette gestion interpelle, interroge, nous questionne sur bien des aspects de notre propre vie.<\/p><p>Le confinement que nous avons v\u00e9cu a \u00e9t\u00e9 l\u2019occasion de mettre \u00e0 plat de nombreux param\u00e8tres de notre existence. Prenons par exemple, celui du mouvement qui nous int\u00e9resse plus particuli\u00e8rement au sein de notre association. Le mouvement a \u00e9t\u00e9 r\u00e9duit d\u2019une mani\u00e8re g\u00e9n\u00e9rale durant le confinement chez la plupart d\u2019entre nous. Faire ses soi-disant 7\u00a0000\u00a0\u00e0 10\u00a0000 pas quotidiennement n\u2019\u00e9tait pas forc\u00e9ment facile \u00e0 mettre en \u0153uvre surtout lorsqu\u2019on vit en appartement.<\/p><p>Heureusement, il existe de nombreuses activit\u00e9s qui permettent de bouger. La t\u00e9l\u00e9vision a \u00e9t\u00e9 d\u2019une grande utilit\u00e9 par la contribution op\u00e9r\u00e9e sur certaines cha\u00eenes en montrant des s\u00e9quences de mise (ou remise) en forme. Des connexions via Youtube par exemple ont \u00e9galement apport\u00e9 leur part par des conseils divers en montrant des exercices souvent bien expliqu\u00e9s. Ce fut pour certains l\u2019occasion d\u2019ins\u00e9rer, au quotidien, dans l\u2019emploi du temps des formes gymniques pour ne pas laisser le corps \u00ab\u00a0endormi\u00a0\u00bb. Un peu de cardio permettrait ainsi de booster la vitalit\u00e9 de chacun.<\/p><p>\u00c0 l\u2019heure de la \u00ab\u00a0rentr\u00e9e\u00a0\u00bb scolaire des d\u00e9cisions seront \u00e0 prendre pour le choix d\u2019une pratique corporelle pour les personnes qui veulent, soi, maintenir une activit\u00e9 corporelle d\u00e9j\u00e0 pratiqu\u00e9e dans le pass\u00e9, soi s\u2019ouvrir vers quelque chose de nouveau.<\/p><p>Dans de nombreuses communes, un rendez-vous avec le milieu associatif a souvent lieu pour que les parents puissent prendre contact avec les intervenants d\u2019une discipline choisie, sportive ou autre.<\/p><p>En ce qui nous concerne, la pratique du <strong>Karat\u00e9<\/strong> comme celle <strong>du Tai Chi chuan<\/strong> ou encore du <strong>Qi Gong<\/strong>, peut-elle avoir lieu\u00a0? Le probl\u00e8me, r\u00e9curent, est celui de la distanciation. Si l\u2019on consid\u00e8re qu\u2019il faille garder une certaine distance, dans le cadre qui est celui des Arts Martiaux, nombreuses disciplines seront impact\u00e9es\u2026 celles qui concernent la saisie, le toucher comme c\u2019est le cas dans le <em>Judo<\/em>, le <em>ju-jitsu<\/em>, l\u2019<em>Aikido<\/em>\u2026<\/p><p>Heureusement, toutes les disciplines ne sont pas \u00e0 mettre dans le m\u00eame sac\u00a0! C\u2019est le cas du Karat\u00e9 o\u00f9 le gros du travail reste individuel. Ce dernier se d\u00e9cline sous diff\u00e9rentes formes\u00a0: le <em>kihon<\/em> (l\u2019ex\u00e9cution d\u2019une seule technique), le <em>renzoku-waza<\/em> (la combinaison des techniques pour en faire un encha\u00eenement plus ou moins complexe selon le niveau recherch\u00e9) et le <em>kata<\/em> qui reste, rappelons-le, le support de transmission du style consid\u00e9r\u00e9.<\/p><p>Puisque le travail de proximit\u00e9 est \u00e0 proscrire dans l\u2019environnement sanitaire actuel, on voit bien que pratiquer le karat\u00e9 peut quand m\u00eame avoir lieu si on se tient aux pratiques \u00e9nonc\u00e9es pr\u00e9c\u00e9demment. Les formes de <em>kumit\u00e9<\/em> qui n\u00e9cessitent un partenaire sont ainsi exclues mais peuvent \u00eatre \u00e9tudi\u00e9es en <em>renzoku-waza<\/em>. On per\u00e7oit bien que la pratique du karat\u00e9 ne pose pas vraiment de probl\u00e8mes.<\/p><p>Mais les d\u00e9cisions gouvernementales prendront-elles en compte la sp\u00e9cificit\u00e9 de chacune des disciplines martiales\u00a0? Nous avons le droit d\u2019en douter.<\/p><p>N\u2019oublions pas que dans notre association, le Dento Budo Dojo, nous ne faisons pas de comp\u00e9tition. Pourquoi\u00a0? Parce que pratiquer un art martial, ce n\u2019est pas du sport m\u00eame si celui-ci engage le corps\u00a0! Lors d\u2019un combat, c\u2019est simple, l\u2019un des protagonistes gagne, l\u2019autre perd. Mais lors d\u2019une agression r\u00e9elle, il s\u2019agira de survivre, et l\u00e0, ce n\u2019est plus du jeu\u2026 C\u2019est donc avec un \u00e9tat d\u2019esprit bien diff\u00e9rent que nous pratiquons\u2026 un autre d\u00e9bat s&rsquo;ouvre\u2026 celui du sens de notre pratique.<\/p><p>\u00c9videmment, dans le cadre de la pratique du Tai Chi Chuan, autre discipline que nous enseignons, sera exclue la pratique du Tui-Shou qui se fait avec un partenaire. Seule la partie en solitaire pourra \u00eatre ex\u00e9cut\u00e9e avec la forme qui lui correspond selon le style enseign\u00e9\u00a0; le style Yang pour notre part, plus pr\u00e9cis\u00e9ment, la forme des 108 mouvements\u2026 il y a de quoi faire\u00a0! Le Qi Gong quant \u00e0 lui, int\u00e9gr\u00e9 dans chacun des cours de Tai Chi Chuan, ne pose aucun probl\u00e8me puisqu\u2019il se fait toujours seul. Il faudra cependant faire attention \u00e0 respecter une certaine distance avec son entourage.<\/p><p>Pour terminer, la pratique des disciplines \u00e9voqu\u00e9es, pour nous, le karat\u00e9 et le Tai Chi chuan, a de nombreux avantages. Non seulement elles int\u00e8grent du mouvement, mais en plus d\u2019une mani\u00e8re intelligente car construit dans la pr\u00e9cision. C\u2019est donc se soumettre \u00e0 quelques exigences en mati\u00e8re de respect de soi (il ne s\u2019agit pas de d\u00e9truire son corps mais d\u2019en am\u00e9liorer ses aptitudes) comme des autres par ce partage commun. Bien fait, cela ne peut qu\u2019am\u00e9liorer la sant\u00e9 de tous, physique comme mental\u00a0!<\/p><p>Ressentir du bien-\u00eatre se d\u00e9velopper en soi, m\u00eame si en d\u00e9but de s\u00e9quence cela demande quelques efforts pour changer le rythme du corps parfois l\u00e9thargique, incite \u00e0 la pratique r\u00e9guli\u00e8re. Ce qui est bien \u00e9galement, c\u2019est ce qu\u2019on apprend demande au fond peu de moyens et reste \u00e0 la port\u00e9e de tous si on y consacre le temps n\u00e9cessaire.<\/p><p>En ces moments difficiles avec toutes les restrictions qui naissent ici ou l\u00e0, gagner en libert\u00e9 devient vital, ce qu\u2019offrent nos pratiques au Dento Budo Dojo.<\/p>\t\t\t\t\t\t\t\t<\/div>\n\t\t\t\t<\/div>\n\t\t\t\t\t<\/div>\n\t\t<\/div>\n\t\t\t\t\t<\/div>\n\t\t<\/section>\n\t\t\t\t<\/div>\n\t\t","protected":false},"excerpt":{"rendered":"<p>Faire du karat\u00e9, tai chi chuan ou qi gong en [&hellip;]<\/p>\n","protected":false},"author":1,"featured_media":0,"parent":0,"menu_order":0,"comment_status":"closed","ping_status":"closed","template":"","meta":{"footnotes":""},"class_list":["post-2488","page","type-page","status-publish","hentry"],"yoast_head":"<!-- This site is optimized with the Yoast SEO plugin v24.1 - https:\/\/yoast.com\/wordpress\/plugins\/seo\/ -->\n<title>covid-19 - Dento Budo Dojo<\/title>\n<meta name=\"robots\" content=\"index, follow, max-snippet:-1, max-image-preview:large, max-video-preview:-1\" \/>\n<link rel=\"canonical\" href=\"http:\/\/dento-budo-dojo.fr\/?page_id=2488\" \/>\n<meta property=\"og:locale\" content=\"fr_FR\" \/>\n<meta property=\"og:type\" content=\"article\" \/>\n<meta property=\"og:title\" content=\"covid-19 - Dento Budo Dojo\" \/>\n<meta property=\"og:description\" content=\"Faire du karat\u00e9, tai chi chuan ou qi gong en [&hellip;]\" \/>\n<meta property=\"og:url\" content=\"http:\/\/dento-budo-dojo.fr\/?page_id=2488\" \/>\n<meta property=\"og:site_name\" content=\"Dento Budo Dojo\" \/>\n<meta property=\"article:modified_time\" content=\"2020-08-27T06:39:11+00:00\" \/>\n<meta property=\"og:image\" content=\"http:\/\/dento-budo-dojo.fr\/wp-content\/uploads\/2018\/05\/logo-voeux-dbd.png\" \/>\n<meta name=\"twitter:card\" content=\"summary_large_image\" \/>\n<meta name=\"twitter:label1\" content=\"Dur\u00e9e de lecture estim\u00e9e\" \/>\n\t<meta name=\"twitter:data1\" content=\"5 minutes\" \/>\n<script type=\"application\/ld+json\" class=\"yoast-schema-graph\">{\"@context\":\"https:\/\/schema.org\",\"@graph\":[{\"@type\":\"WebPage\",\"@id\":\"http:\/\/dento-budo-dojo.fr\/?page_id=2488\",\"url\":\"http:\/\/dento-budo-dojo.fr\/?page_id=2488\",\"name\":\"covid-19 - Dento Budo Dojo\",\"isPartOf\":{\"@id\":\"http:\/\/dento-budo-dojo.fr\/#website\"},\"primaryImageOfPage\":{\"@id\":\"http:\/\/dento-budo-dojo.fr\/?page_id=2488#primaryimage\"},\"image\":{\"@id\":\"http:\/\/dento-budo-dojo.fr\/?page_id=2488#primaryimage\"},\"thumbnailUrl\":\"http:\/\/dento-budo-dojo.fr\/wp-content\/uploads\/2018\/05\/logo-voeux-dbd.png\",\"datePublished\":\"2020-08-27T06:06:06+00:00\",\"dateModified\":\"2020-08-27T06:39:11+00:00\",\"breadcrumb\":{\"@id\":\"http:\/\/dento-budo-dojo.fr\/?page_id=2488#breadcrumb\"},\"inLanguage\":\"fr-FR\",\"potentialAction\":[{\"@type\":\"ReadAction\",\"target\":[\"http:\/\/dento-budo-dojo.fr\/?page_id=2488\"]}]},{\"@type\":\"ImageObject\",\"inLanguage\":\"fr-FR\",\"@id\":\"http:\/\/dento-budo-dojo.fr\/?page_id=2488#primaryimage\",\"url\":\"http:\/\/dento-budo-dojo.fr\/wp-content\/uploads\/2018\/05\/logo-voeux-dbd.png\",\"contentUrl\":\"http:\/\/dento-budo-dojo.fr\/wp-content\/uploads\/2018\/05\/logo-voeux-dbd.png\",\"width\":143,\"height\":146,\"caption\":\"logo du dento-budo-dojo\"},{\"@type\":\"BreadcrumbList\",\"@id\":\"http:\/\/dento-budo-dojo.fr\/?page_id=2488#breadcrumb\",\"itemListElement\":[{\"@type\":\"ListItem\",\"position\":1,\"name\":\"Accueil\",\"item\":\"https:\/\/dento-budo-dojo.fr\/\"},{\"@type\":\"ListItem\",\"position\":2,\"name\":\"covid-19\"}]},{\"@type\":\"WebSite\",\"@id\":\"http:\/\/dento-budo-dojo.fr\/#website\",\"url\":\"http:\/\/dento-budo-dojo.fr\/\",\"name\":\"Dento Budo Dojo\",\"description\":\"Ne pas se battre, ne pas subir.\",\"potentialAction\":[{\"@type\":\"SearchAction\",\"target\":{\"@type\":\"EntryPoint\",\"urlTemplate\":\"http:\/\/dento-budo-dojo.fr\/?s={search_term_string}\"},\"query-input\":{\"@type\":\"PropertyValueSpecification\",\"valueRequired\":true,\"valueName\":\"search_term_string\"}}],\"inLanguage\":\"fr-FR\"}]}<\/script>\n<!-- \/ Yoast SEO plugin. -->","yoast_head_json":{"title":"covid-19 - Dento Budo Dojo","robots":{"index":"index","follow":"follow","max-snippet":"max-snippet:-1","max-image-preview":"max-image-preview:large","max-video-preview":"max-video-preview:-1"},"canonical":"http:\/\/dento-budo-dojo.fr\/?page_id=2488","og_locale":"fr_FR","og_type":"article","og_title":"covid-19 - Dento Budo Dojo","og_description":"Faire du karat\u00e9, tai chi chuan ou qi gong en [&hellip;]","og_url":"http:\/\/dento-budo-dojo.fr\/?page_id=2488","og_site_name":"Dento Budo Dojo","article_modified_time":"2020-08-27T06:39:11+00:00","og_image":[{"url":"http:\/\/dento-budo-dojo.fr\/wp-content\/uploads\/2018\/05\/logo-voeux-dbd.png","type":"","width":"","height":""}],"twitter_card":"summary_large_image","twitter_misc":{"Dur\u00e9e de lecture estim\u00e9e":"5 minutes"},"schema":{"@context":"https:\/\/schema.org","@graph":[{"@type":"WebPage","@id":"http:\/\/dento-budo-dojo.fr\/?page_id=2488","url":"http:\/\/dento-budo-dojo.fr\/?page_id=2488","name":"covid-19 - Dento Budo Dojo","isPartOf":{"@id":"http:\/\/dento-budo-dojo.fr\/#website"},"primaryImageOfPage":{"@id":"http:\/\/dento-budo-dojo.fr\/?page_id=2488#primaryimage"},"image":{"@id":"http:\/\/dento-budo-dojo.fr\/?page_id=2488#primaryimage"},"thumbnailUrl":"http:\/\/dento-budo-dojo.fr\/wp-content\/uploads\/2018\/05\/logo-voeux-dbd.png","datePublished":"2020-08-27T06:06:06+00:00","dateModified":"2020-08-27T06:39:11+00:00","breadcrumb":{"@id":"http:\/\/dento-budo-dojo.fr\/?page_id=2488#breadcrumb"},"inLanguage":"fr-FR","potentialAction":[{"@type":"ReadAction","target":["http:\/\/dento-budo-dojo.fr\/?page_id=2488"]}]},{"@type":"ImageObject","inLanguage":"fr-FR","@id":"http:\/\/dento-budo-dojo.fr\/?page_id=2488#primaryimage","url":"http:\/\/dento-budo-dojo.fr\/wp-content\/uploads\/2018\/05\/logo-voeux-dbd.png","contentUrl":"http:\/\/dento-budo-dojo.fr\/wp-content\/uploads\/2018\/05\/logo-voeux-dbd.png","width":143,"height":146,"caption":"logo du dento-budo-dojo"},{"@type":"BreadcrumbList","@id":"http:\/\/dento-budo-dojo.fr\/?page_id=2488#breadcrumb","itemListElement":[{"@type":"ListItem","position":1,"name":"Accueil","item":"https:\/\/dento-budo-dojo.fr\/"},{"@type":"ListItem","position":2,"name":"covid-19"}]},{"@type":"WebSite","@id":"http:\/\/dento-budo-dojo.fr\/#website","url":"http:\/\/dento-budo-dojo.fr\/","name":"Dento Budo Dojo","description":"Ne pas se battre, ne pas subir.","potentialAction":[{"@type":"SearchAction","target":{"@type":"EntryPoint","urlTemplate":"http:\/\/dento-budo-dojo.fr\/?s={search_term_string}"},"query-input":{"@type":"PropertyValueSpecification","valueRequired":true,"valueName":"search_term_string"}}],"inLanguage":"fr-FR"}]}},"_links":{"self":[{"href":"http:\/\/dento-budo-dojo.fr\/index.php?rest_route=\/wp\/v2\/pages\/2488","targetHints":{"allow":["GET"]}}],"collection":[{"href":"http:\/\/dento-budo-dojo.fr\/index.php?rest_route=\/wp\/v2\/pages"}],"about":[{"href":"http:\/\/dento-budo-dojo.fr\/index.php?rest_route=\/wp\/v2\/types\/page"}],"author":[{"embeddable":true,"href":"http:\/\/dento-budo-dojo.fr\/index.php?rest_route=\/wp\/v2\/users\/1"}],"replies":[{"embeddable":true,"href":"http:\/\/dento-budo-dojo.fr\/index.php?rest_route=%2Fwp%2Fv2%2Fcomments&post=2488"}],"version-history":[{"count":7,"href":"http:\/\/dento-budo-dojo.fr\/index.php?rest_route=\/wp\/v2\/pages\/2488\/revisions"}],"predecessor-version":[{"id":2507,"href":"http:\/\/dento-budo-dojo.fr\/index.php?rest_route=\/wp\/v2\/pages\/2488\/revisions\/2507"}],"wp:attachment":[{"href":"http:\/\/dento-budo-dojo.fr\/index.php?rest_route=%2Fwp%2Fv2%2Fmedia&parent=2488"}],"curies":[{"name":"wp","href":"https:\/\/api.w.org\/{rel}","templated":true}]}}