{"id":2262,"date":"2019-12-11T18:13:26","date_gmt":"2019-12-11T17:13:26","guid":{"rendered":"http:\/\/dento-budo-dojo.fr\/?page_id=2262"},"modified":"2019-12-11T18:26:34","modified_gmt":"2019-12-11T17:26:34","slug":"stage-de-hojutsu-novembre-2019","status":"publish","type":"page","link":"http:\/\/dento-budo-dojo.fr\/?page_id=2262","title":{"rendered":"Stage de Hojutsu &#8211; novembre 2019"},"content":{"rendered":"\t\t<div data-elementor-type=\"wp-post\" data-elementor-id=\"2262\" class=\"elementor elementor-2262\">\n\t\t\t\t\t\t<section class=\"elementor-section elementor-top-section elementor-element elementor-element-9d43c12 elementor-section-boxed elementor-section-height-default elementor-section-height-default\" data-id=\"9d43c12\" data-element_type=\"section\" data-e-type=\"section\">\n\t\t\t\t\t\t<div class=\"elementor-container elementor-column-gap-default\">\n\t\t\t\t\t<div class=\"elementor-column elementor-col-100 elementor-top-column elementor-element elementor-element-038f64c\" data-id=\"038f64c\" data-element_type=\"column\" data-e-type=\"column\">\n\t\t\t<div class=\"elementor-widget-wrap elementor-element-populated\">\n\t\t\t\t\t\t<div class=\"elementor-element elementor-element-5bf6c98 elementor-widget elementor-widget-heading\" data-id=\"5bf6c98\" data-element_type=\"widget\" data-e-type=\"widget\" data-widget_type=\"heading.default\">\n\t\t\t\t<div class=\"elementor-widget-container\">\n\t\t\t\t\t<h1 class=\"elementor-heading-title elementor-size-default\">Stage de HOJUTSU - novembre 2019<\/h1>\t\t\t\t<\/div>\n\t\t\t\t<\/div>\n\t\t\t\t\t<\/div>\n\t\t<\/div>\n\t\t\t\t\t<\/div>\n\t\t<\/section>\n\t\t\t\t<section class=\"elementor-section elementor-top-section elementor-element elementor-element-876971f elementor-section-boxed elementor-section-height-default elementor-section-height-default\" data-id=\"876971f\" data-element_type=\"section\" data-e-type=\"section\">\n\t\t\t\t\t\t<div class=\"elementor-container elementor-column-gap-default\">\n\t\t\t\t\t<div class=\"elementor-column elementor-col-66 elementor-top-column elementor-element elementor-element-ccc755b\" data-id=\"ccc755b\" data-element_type=\"column\" data-e-type=\"column\">\n\t\t\t<div class=\"elementor-widget-wrap elementor-element-populated\">\n\t\t\t\t\t\t<div class=\"elementor-element elementor-element-013696a elementor-widget elementor-widget-heading\" data-id=\"013696a\" data-element_type=\"widget\" data-e-type=\"widget\" data-widget_type=\"heading.default\">\n\t\t\t\t<div class=\"elementor-widget-container\">\n\t\t\t\t\t<h2 class=\"elementor-heading-title elementor-size-default\">Le temps passe...<\/h2>\t\t\t\t<\/div>\n\t\t\t\t<\/div>\n\t\t\t\t<div class=\"elementor-element elementor-element-3bcd791 elementor-drop-cap-yes elementor-drop-cap-view-default elementor-widget elementor-widget-text-editor\" data-id=\"3bcd791\" data-element_type=\"widget\" data-e-type=\"widget\" data-settings=\"{&quot;drop_cap&quot;:&quot;yes&quot;}\" data-widget_type=\"text-editor.default\">\n\t\t\t\t<div class=\"elementor-widget-container\">\n\t\t\t\t\t\t\t\t\t<p>Un stage qui touche peu de personne, car c&rsquo;est le troisi\u00e8me domaine de comp\u00e9tence du Tengu-ryu. Pour y acc\u00e9der, il faut tout d&rsquo;abord \u00eatre ceinture noire de l&rsquo;\u00e9cole Tengu-ryu. La notion de responsabilit\u00e9 y est encore plus pointue. Cela exige un contr\u00f4le, un discernement, un engagement ferme et d\u00e9cid\u00e9, le tout chapot\u00e9 par un mental sans faille.<\/p>\t\t\t\t\t\t\t\t<\/div>\n\t\t\t\t<\/div>\n\t\t\t\t\t<\/div>\n\t\t<\/div>\n\t\t\t\t<div class=\"elementor-column elementor-col-33 elementor-top-column elementor-element elementor-element-8162a39\" data-id=\"8162a39\" data-element_type=\"column\" data-e-type=\"column\">\n\t\t\t<div class=\"elementor-widget-wrap elementor-element-populated\">\n\t\t\t\t\t\t<div class=\"elementor-element elementor-element-d666df3 elementor-widget elementor-widget-image\" data-id=\"d666df3\" data-element_type=\"widget\" data-e-type=\"widget\" data-widget_type=\"image.default\">\n\t\t\t\t<div class=\"elementor-widget-container\">\n\t\t\t\t\t\t\t\t\t\t\t\t\t\t\t<img fetchpriority=\"high\" decoding=\"async\" width=\"1024\" height=\"434\" src=\"http:\/\/dento-budo-dojo.fr\/wp-content\/uploads\/2019\/05\/TENGU-RYU-hojutsu-1024x434.jpg\" class=\"attachment-large size-large wp-image-1604\" alt=\"\" srcset=\"http:\/\/dento-budo-dojo.fr\/wp-content\/uploads\/2019\/05\/TENGU-RYU-hojutsu-200x85.jpg 200w, http:\/\/dento-budo-dojo.fr\/wp-content\/uploads\/2019\/05\/TENGU-RYU-hojutsu-300x127.jpg 300w, http:\/\/dento-budo-dojo.fr\/wp-content\/uploads\/2019\/05\/TENGU-RYU-hojutsu-400x170.jpg 400w, http:\/\/dento-budo-dojo.fr\/wp-content\/uploads\/2019\/05\/TENGU-RYU-hojutsu-600x254.jpg 600w, http:\/\/dento-budo-dojo.fr\/wp-content\/uploads\/2019\/05\/TENGU-RYU-hojutsu-768x325.jpg 768w, http:\/\/dento-budo-dojo.fr\/wp-content\/uploads\/2019\/05\/TENGU-RYU-hojutsu-800x339.jpg 800w, http:\/\/dento-budo-dojo.fr\/wp-content\/uploads\/2019\/05\/TENGU-RYU-hojutsu-1024x434.jpg 1024w, http:\/\/dento-budo-dojo.fr\/wp-content\/uploads\/2019\/05\/TENGU-RYU-hojutsu-1200x509.jpg 1200w\" sizes=\"(max-width: 1024px) 100vw, 1024px\" \/>\t\t\t\t\t\t\t\t\t\t\t\t\t\t\t<\/div>\n\t\t\t\t<\/div>\n\t\t\t\t\t<\/div>\n\t\t<\/div>\n\t\t\t\t\t<\/div>\n\t\t<\/section>\n\t\t\t\t<section class=\"elementor-section elementor-top-section elementor-element elementor-element-6e9007c elementor-section-boxed elementor-section-height-default elementor-section-height-default\" data-id=\"6e9007c\" data-element_type=\"section\" data-e-type=\"section\">\n\t\t\t\t\t\t<div class=\"elementor-container elementor-column-gap-default\">\n\t\t\t\t\t<div class=\"elementor-column elementor-col-100 elementor-top-column elementor-element elementor-element-c1336fa\" data-id=\"c1336fa\" data-element_type=\"column\" data-e-type=\"column\">\n\t\t\t<div class=\"elementor-widget-wrap elementor-element-populated\">\n\t\t\t\t\t\t<div class=\"elementor-element elementor-element-9dd9a90 elementor-widget elementor-widget-text-editor\" data-id=\"9dd9a90\" data-element_type=\"widget\" data-e-type=\"widget\" data-widget_type=\"text-editor.default\">\n\t\t\t\t<div class=\"elementor-widget-container\">\n\t\t\t\t\t\t\t\t\t<p>Le comportement, l&rsquo;attitude face \u00e0 une situation impliquant une d\u00e9cision devant un contexte arm\u00e9 n&rsquo;a pas le droit \u00e0 l&rsquo;erreur. C&rsquo;est pourquoi, comme toute instruction, nous commen\u00e7ons par les r\u00e8gles de s\u00e9curit\u00e9 avant d&rsquo;engager des drills pour parfaire une r\u00e9ponse en cas d&rsquo;une confrontation r\u00e9elle. Si le premier domaine de comp\u00e9tence du Tengu syst\u00e8me exige les mains libres, totalement d\u00e9pourvues d&rsquo;une quelconque arme, si ce n&rsquo;est que son propre corps comme le pr\u00e9sente le Tengu-ryu Karatedo, les deux autres domaines quant \u00e0 eux s&rsquo;expriment par l&rsquo;utilisation d&rsquo;armes. Le kobudo, exprim\u00e9 dans le deuxi\u00e8me domaine de comp\u00e9tence, avec l&rsquo;utilisation classique de b\u00e2tons (bo, tambo, mais qui peut \u00eatre \u00e9largie \u00e0 d&rsquo;autres, comme pourquoi pas le jo\u2026), ou encore les sai, bref, toutes formes d&rsquo;armes appartenant \u00e0 cette tradition ancestrale que l&rsquo;on conna\u00eet sera la r\u00e9f\u00e9rence \u00e0 l&rsquo;utilisation des armes anciennes. Le troisi\u00e8me domaine quant \u00e0 lui touchera aux armes (certaines) modernes.<\/p><p>On ne peut aujourd&rsquo;hui concevoir un syst\u00e8me de d\u00e9fense complet si on n&rsquo;int\u00e8gre pas les nouvelles circonstances que peuvent nous faire subir des actes encore diss\u00e9min\u00e9s (et heureusement rares) de ces modes op\u00e9ratoires arm\u00e9s. Il est donc sage d&rsquo;avoir des notions, mais plus encore, des connaissances op\u00e9rationnelles pour peut-\u00eatre un jour sauver une vie autour de soi (un policier bless\u00e9 par exemple) et faire face aux agresseurs.<\/p><p>Ce stage avait une note particuli\u00e8re, car c&rsquo;\u00e9tait les 10 ans d&rsquo;existence de ce domaine de comp\u00e9tence qu&rsquo;est le Hojutsu. \u00c0 cette occasion, les stagiaires furent promus \u00e0 un grade sup\u00e9rieur et qui appartient \u00e9videmment \u00e0 notre \u00e9cole, le Tengu-ryu. Jean-Claude B\u00e9nis fut de ceux-l\u00e0, avec le titre de Renshi-ho en Hojutsu. Ce fut \u00e9videmment une surprise\u2026 Personne n&rsquo;a vu les 10 ann\u00e9es pass\u00e9es dans ce cadre.<\/p><p>Sur ces quelques lignes, suite au prochain stage de Hojutsu, mais avant tout, celui de Kan Geiko, le stage d&rsquo;hiver, nous attend dans deux semaines, en Alsace cette fois-ci.<\/p>\t\t\t\t\t\t\t\t<\/div>\n\t\t\t\t<\/div>\n\t\t\t\t\t<\/div>\n\t\t<\/div>\n\t\t\t\t\t<\/div>\n\t\t<\/section>\n\t\t\t\t<section class=\"elementor-section elementor-top-section elementor-element elementor-element-16b6aed elementor-section-boxed elementor-section-height-default elementor-section-height-default\" data-id=\"16b6aed\" data-element_type=\"section\" data-e-type=\"section\">\n\t\t\t\t\t\t<div class=\"elementor-container elementor-column-gap-default\">\n\t\t\t\t\t<div class=\"elementor-column elementor-col-50 elementor-top-column elementor-element elementor-element-9b77d46\" data-id=\"9b77d46\" data-element_type=\"column\" data-e-type=\"column\">\n\t\t\t<div class=\"elementor-widget-wrap elementor-element-populated\">\n\t\t\t\t\t\t<div class=\"elementor-element elementor-element-921f80c elementor-widget elementor-widget-image\" data-id=\"921f80c\" data-element_type=\"widget\" data-e-type=\"widget\" data-widget_type=\"image.default\">\n\t\t\t\t<div class=\"elementor-widget-container\">\n\t\t\t\t\t\t\t\t\t\t\t\t\t\t\t<img decoding=\"async\" width=\"1024\" height=\"657\" src=\"http:\/\/dento-budo-dojo.fr\/wp-content\/uploads\/2019\/12\/Hojutsu_20191109_024-1024x657.jpg\" class=\"attachment-large size-large wp-image-2265\" alt=\"Hojutsu\" srcset=\"http:\/\/dento-budo-dojo.fr\/wp-content\/uploads\/2019\/12\/Hojutsu_20191109_024-200x128.jpg 200w, http:\/\/dento-budo-dojo.fr\/wp-content\/uploads\/2019\/12\/Hojutsu_20191109_024-300x193.jpg 300w, http:\/\/dento-budo-dojo.fr\/wp-content\/uploads\/2019\/12\/Hojutsu_20191109_024-400x257.jpg 400w, http:\/\/dento-budo-dojo.fr\/wp-content\/uploads\/2019\/12\/Hojutsu_20191109_024-460x295.jpg 460w, http:\/\/dento-budo-dojo.fr\/wp-content\/uploads\/2019\/12\/Hojutsu_20191109_024-600x385.jpg 600w, http:\/\/dento-budo-dojo.fr\/wp-content\/uploads\/2019\/12\/Hojutsu_20191109_024-768x493.jpg 768w, http:\/\/dento-budo-dojo.fr\/wp-content\/uploads\/2019\/12\/Hojutsu_20191109_024-800x514.jpg 800w, http:\/\/dento-budo-dojo.fr\/wp-content\/uploads\/2019\/12\/Hojutsu_20191109_024-1024x657.jpg 1024w, http:\/\/dento-budo-dojo.fr\/wp-content\/uploads\/2019\/12\/Hojutsu_20191109_024-1200x770.jpg 1200w\" sizes=\"(max-width: 1024px) 100vw, 1024px\" \/>\t\t\t\t\t\t\t\t\t\t\t\t\t\t\t<\/div>\n\t\t\t\t<\/div>\n\t\t\t\t\t<\/div>\n\t\t<\/div>\n\t\t\t\t<div class=\"elementor-column elementor-col-50 elementor-top-column elementor-element elementor-element-e30aa42\" data-id=\"e30aa42\" data-element_type=\"column\" data-e-type=\"column\">\n\t\t\t<div class=\"elementor-widget-wrap elementor-element-populated\">\n\t\t\t\t\t\t<div class=\"elementor-element elementor-element-646430b elementor-widget elementor-widget-image\" data-id=\"646430b\" data-element_type=\"widget\" data-e-type=\"widget\" data-widget_type=\"image.default\">\n\t\t\t\t<div class=\"elementor-widget-container\">\n\t\t\t\t\t\t\t\t\t\t\t\t\t\t\t<img decoding=\"async\" width=\"1024\" height=\"547\" src=\"http:\/\/dento-budo-dojo.fr\/wp-content\/uploads\/2019\/12\/Hojutsu_20191109_044-1024x547.jpg\" class=\"attachment-large size-large wp-image-2266\" alt=\"Hojutsu - stagiaires dipl\u00f4m\u00e9s\" srcset=\"http:\/\/dento-budo-dojo.fr\/wp-content\/uploads\/2019\/12\/Hojutsu_20191109_044-200x107.jpg 200w, http:\/\/dento-budo-dojo.fr\/wp-content\/uploads\/2019\/12\/Hojutsu_20191109_044-300x160.jpg 300w, http:\/\/dento-budo-dojo.fr\/wp-content\/uploads\/2019\/12\/Hojutsu_20191109_044-400x214.jpg 400w, http:\/\/dento-budo-dojo.fr\/wp-content\/uploads\/2019\/12\/Hojutsu_20191109_044-600x320.jpg 600w, http:\/\/dento-budo-dojo.fr\/wp-content\/uploads\/2019\/12\/Hojutsu_20191109_044-768x410.jpg 768w, http:\/\/dento-budo-dojo.fr\/wp-content\/uploads\/2019\/12\/Hojutsu_20191109_044-800x427.jpg 800w, http:\/\/dento-budo-dojo.fr\/wp-content\/uploads\/2019\/12\/Hojutsu_20191109_044-1024x547.jpg 1024w, http:\/\/dento-budo-dojo.fr\/wp-content\/uploads\/2019\/12\/Hojutsu_20191109_044-1200x641.jpg 1200w\" sizes=\"(max-width: 1024px) 100vw, 1024px\" \/>\t\t\t\t\t\t\t\t\t\t\t\t\t\t\t<\/div>\n\t\t\t\t<\/div>\n\t\t\t\t<div class=\"elementor-element elementor-element-d7aaf11 elementor-widget elementor-widget-text-editor\" data-id=\"d7aaf11\" data-element_type=\"widget\" data-e-type=\"widget\" data-widget_type=\"text-editor.default\">\n\t\t\t\t<div class=\"elementor-widget-container\">\n\t\t\t\t\t\t\t\t\t<p>Les stagiaires, tous dipl\u00f4m\u00e9s apr\u00e8s ces dix ann\u00e9es dans le troisi\u00e8me domaine de comp\u00e9tence du Tengu-syst\u00e8me.<\/p>\t\t\t\t\t\t\t\t<\/div>\n\t\t\t\t<\/div>\n\t\t\t\t\t<\/div>\n\t\t<\/div>\n\t\t\t\t\t<\/div>\n\t\t<\/section>\n\t\t\t\t<\/div>\n\t\t","protected":false},"excerpt":{"rendered":"<p>Stage de HOJUTSU &#8211; novembre 2019 Le temps passe&#8230; Un [&hellip;]<\/p>\n","protected":false},"author":1,"featured_media":0,"parent":0,"menu_order":0,"comment_status":"closed","ping_status":"closed","template":"","meta":{"footnotes":""},"class_list":["post-2262","page","type-page","status-publish","hentry"],"yoast_head":"<!-- This site is optimized with the Yoast SEO plugin v24.1 - https:\/\/yoast.com\/wordpress\/plugins\/seo\/ -->\n<title>Stage de Hojutsu - novembre 2019 - Dento Budo Dojo<\/title>\n<meta name=\"robots\" content=\"index, follow, max-snippet:-1, max-image-preview:large, max-video-preview:-1\" \/>\n<link rel=\"canonical\" href=\"http:\/\/dento-budo-dojo.fr\/?page_id=2262\" \/>\n<meta property=\"og:locale\" content=\"fr_FR\" \/>\n<meta property=\"og:type\" content=\"article\" \/>\n<meta property=\"og:title\" content=\"Stage de Hojutsu - novembre 2019 - Dento Budo Dojo\" \/>\n<meta property=\"og:description\" content=\"Stage de HOJUTSU &#8211; novembre 2019 Le temps passe&#8230; Un [&hellip;]\" \/>\n<meta property=\"og:url\" content=\"http:\/\/dento-budo-dojo.fr\/?page_id=2262\" \/>\n<meta property=\"og:site_name\" content=\"Dento Budo Dojo\" \/>\n<meta property=\"article:modified_time\" content=\"2019-12-11T17:26:34+00:00\" \/>\n<meta property=\"og:image\" content=\"http:\/\/dento-budo-dojo.fr\/wp-content\/uploads\/2019\/05\/TENGU-RYU-hojutsu-1024x434.jpg\" \/>\n<meta name=\"twitter:card\" content=\"summary_large_image\" \/>\n<meta name=\"twitter:label1\" content=\"Dur\u00e9e de lecture estim\u00e9e\" \/>\n\t<meta name=\"twitter:data1\" content=\"2 minutes\" \/>\n<script type=\"application\/ld+json\" class=\"yoast-schema-graph\">{\"@context\":\"https:\/\/schema.org\",\"@graph\":[{\"@type\":\"WebPage\",\"@id\":\"http:\/\/dento-budo-dojo.fr\/?page_id=2262\",\"url\":\"http:\/\/dento-budo-dojo.fr\/?page_id=2262\",\"name\":\"Stage de Hojutsu - novembre 2019 - Dento Budo Dojo\",\"isPartOf\":{\"@id\":\"http:\/\/dento-budo-dojo.fr\/#website\"},\"primaryImageOfPage\":{\"@id\":\"http:\/\/dento-budo-dojo.fr\/?page_id=2262#primaryimage\"},\"image\":{\"@id\":\"http:\/\/dento-budo-dojo.fr\/?page_id=2262#primaryimage\"},\"thumbnailUrl\":\"http:\/\/dento-budo-dojo.fr\/wp-content\/uploads\/2019\/05\/TENGU-RYU-hojutsu-1024x434.jpg\",\"datePublished\":\"2019-12-11T17:13:26+00:00\",\"dateModified\":\"2019-12-11T17:26:34+00:00\",\"breadcrumb\":{\"@id\":\"http:\/\/dento-budo-dojo.fr\/?page_id=2262#breadcrumb\"},\"inLanguage\":\"fr-FR\",\"potentialAction\":[{\"@type\":\"ReadAction\",\"target\":[\"http:\/\/dento-budo-dojo.fr\/?page_id=2262\"]}]},{\"@type\":\"ImageObject\",\"inLanguage\":\"fr-FR\",\"@id\":\"http:\/\/dento-budo-dojo.fr\/?page_id=2262#primaryimage\",\"url\":\"http:\/\/dento-budo-dojo.fr\/wp-content\/uploads\/2019\/05\/TENGU-RYU-hojutsu.jpg\",\"contentUrl\":\"http:\/\/dento-budo-dojo.fr\/wp-content\/uploads\/2019\/05\/TENGU-RYU-hojutsu.jpg\",\"width\":2435,\"height\":1032},{\"@type\":\"BreadcrumbList\",\"@id\":\"http:\/\/dento-budo-dojo.fr\/?page_id=2262#breadcrumb\",\"itemListElement\":[{\"@type\":\"ListItem\",\"position\":1,\"name\":\"Accueil\",\"item\":\"http:\/\/dento-budo-dojo.fr\/\"},{\"@type\":\"ListItem\",\"position\":2,\"name\":\"Stage de Hojutsu &#8211; novembre 2019\"}]},{\"@type\":\"WebSite\",\"@id\":\"http:\/\/dento-budo-dojo.fr\/#website\",\"url\":\"http:\/\/dento-budo-dojo.fr\/\",\"name\":\"Dento Budo Dojo\",\"description\":\"Ne pas se battre, ne pas subir.\",\"potentialAction\":[{\"@type\":\"SearchAction\",\"target\":{\"@type\":\"EntryPoint\",\"urlTemplate\":\"http:\/\/dento-budo-dojo.fr\/?s={search_term_string}\"},\"query-input\":{\"@type\":\"PropertyValueSpecification\",\"valueRequired\":true,\"valueName\":\"search_term_string\"}}],\"inLanguage\":\"fr-FR\"}]}<\/script>\n<!-- \/ Yoast SEO plugin. -->","yoast_head_json":{"title":"Stage de Hojutsu - novembre 2019 - Dento Budo Dojo","robots":{"index":"index","follow":"follow","max-snippet":"max-snippet:-1","max-image-preview":"max-image-preview:large","max-video-preview":"max-video-preview:-1"},"canonical":"http:\/\/dento-budo-dojo.fr\/?page_id=2262","og_locale":"fr_FR","og_type":"article","og_title":"Stage de Hojutsu - novembre 2019 - Dento Budo Dojo","og_description":"Stage de HOJUTSU &#8211; novembre 2019 Le temps passe&#8230; Un [&hellip;]","og_url":"http:\/\/dento-budo-dojo.fr\/?page_id=2262","og_site_name":"Dento Budo Dojo","article_modified_time":"2019-12-11T17:26:34+00:00","og_image":[{"url":"http:\/\/dento-budo-dojo.fr\/wp-content\/uploads\/2019\/05\/TENGU-RYU-hojutsu-1024x434.jpg","type":"","width":"","height":""}],"twitter_card":"summary_large_image","twitter_misc":{"Dur\u00e9e de lecture estim\u00e9e":"2 minutes"},"schema":{"@context":"https:\/\/schema.org","@graph":[{"@type":"WebPage","@id":"http:\/\/dento-budo-dojo.fr\/?page_id=2262","url":"http:\/\/dento-budo-dojo.fr\/?page_id=2262","name":"Stage de Hojutsu - novembre 2019 - Dento Budo Dojo","isPartOf":{"@id":"http:\/\/dento-budo-dojo.fr\/#website"},"primaryImageOfPage":{"@id":"http:\/\/dento-budo-dojo.fr\/?page_id=2262#primaryimage"},"image":{"@id":"http:\/\/dento-budo-dojo.fr\/?page_id=2262#primaryimage"},"thumbnailUrl":"http:\/\/dento-budo-dojo.fr\/wp-content\/uploads\/2019\/05\/TENGU-RYU-hojutsu-1024x434.jpg","datePublished":"2019-12-11T17:13:26+00:00","dateModified":"2019-12-11T17:26:34+00:00","breadcrumb":{"@id":"http:\/\/dento-budo-dojo.fr\/?page_id=2262#breadcrumb"},"inLanguage":"fr-FR","potentialAction":[{"@type":"ReadAction","target":["http:\/\/dento-budo-dojo.fr\/?page_id=2262"]}]},{"@type":"ImageObject","inLanguage":"fr-FR","@id":"http:\/\/dento-budo-dojo.fr\/?page_id=2262#primaryimage","url":"http:\/\/dento-budo-dojo.fr\/wp-content\/uploads\/2019\/05\/TENGU-RYU-hojutsu.jpg","contentUrl":"http:\/\/dento-budo-dojo.fr\/wp-content\/uploads\/2019\/05\/TENGU-RYU-hojutsu.jpg","width":2435,"height":1032},{"@type":"BreadcrumbList","@id":"http:\/\/dento-budo-dojo.fr\/?page_id=2262#breadcrumb","itemListElement":[{"@type":"ListItem","position":1,"name":"Accueil","item":"http:\/\/dento-budo-dojo.fr\/"},{"@type":"ListItem","position":2,"name":"Stage de Hojutsu &#8211; novembre 2019"}]},{"@type":"WebSite","@id":"http:\/\/dento-budo-dojo.fr\/#website","url":"http:\/\/dento-budo-dojo.fr\/","name":"Dento Budo Dojo","description":"Ne pas se battre, ne pas subir.","potentialAction":[{"@type":"SearchAction","target":{"@type":"EntryPoint","urlTemplate":"http:\/\/dento-budo-dojo.fr\/?s={search_term_string}"},"query-input":{"@type":"PropertyValueSpecification","valueRequired":true,"valueName":"search_term_string"}}],"inLanguage":"fr-FR"}]}},"_links":{"self":[{"href":"http:\/\/dento-budo-dojo.fr\/index.php?rest_route=\/wp\/v2\/pages\/2262","targetHints":{"allow":["GET"]}}],"collection":[{"href":"http:\/\/dento-budo-dojo.fr\/index.php?rest_route=\/wp\/v2\/pages"}],"about":[{"href":"http:\/\/dento-budo-dojo.fr\/index.php?rest_route=\/wp\/v2\/types\/page"}],"author":[{"embeddable":true,"href":"http:\/\/dento-budo-dojo.fr\/index.php?rest_route=\/wp\/v2\/users\/1"}],"replies":[{"embeddable":true,"href":"http:\/\/dento-budo-dojo.fr\/index.php?rest_route=%2Fwp%2Fv2%2Fcomments&post=2262"}],"version-history":[{"count":4,"href":"http:\/\/dento-budo-dojo.fr\/index.php?rest_route=\/wp\/v2\/pages\/2262\/revisions"}],"predecessor-version":[{"id":2359,"href":"http:\/\/dento-budo-dojo.fr\/index.php?rest_route=\/wp\/v2\/pages\/2262\/revisions\/2359"}],"wp:attachment":[{"href":"http:\/\/dento-budo-dojo.fr\/index.php?rest_route=%2Fwp%2Fv2%2Fmedia&parent=2262"}],"curies":[{"name":"wp","href":"https:\/\/api.w.org\/{rel}","templated":true}]}}