{"id":21,"date":"2018-05-18T15:20:56","date_gmt":"2018-05-18T13:20:56","guid":{"rendered":"http:\/\/dento-budo-dojo.fr\/?page_id=21"},"modified":"2018-05-26T15:53:02","modified_gmt":"2018-05-26T13:53:02","slug":"archive-2008","status":"publish","type":"page","link":"http:\/\/dento-budo-dojo.fr\/?page_id=21","title":{"rendered":"Archive 2008"},"content":{"rendered":"<div id=\"pl-21\"  class=\"panel-layout\" ><div id=\"pg-21-0\"  class=\"panel-grid panel-no-style\" ><div id=\"pgc-21-0-0\"  class=\"panel-grid-cell\" ><div id=\"panel-21-0-0-0\" class=\"so-panel widget widget_sow-image panel-first-child panel-last-child\" data-index=\"0\" ><div\n\t\t\t\n\t\t\tclass=\"so-widget-sow-image so-widget-sow-image-default-64047dd420f0-21\"\n\t\t\t\n\t\t>\n<div class=\"sow-image-container\">\n\t\t<img fetchpriority=\"high\" \n\tsrc=\"http:\/\/dento-budo-dojo.fr\/wp-content\/uploads\/2018\/05\/CN-2008.jpg\" width=\"350\" height=\"400\" srcset=\"http:\/\/dento-budo-dojo.fr\/wp-content\/uploads\/2018\/05\/CN-2008-200x229.jpg 200w, http:\/\/dento-budo-dojo.fr\/wp-content\/uploads\/2018\/05\/CN-2008-263x300.jpg 263w, http:\/\/dento-budo-dojo.fr\/wp-content\/uploads\/2018\/05\/CN-2008.jpg 350w\" sizes=\"(max-width: 350px) 100vw, 350px\" title=\"Patrick JOSEPH, \u00e0 gauche, 1er dan et S\u00e9bastien ROCHE, \u00e0 droite, 2\u00e8me dan.\" alt=\"Patrick JOSEPH, \u00e0 gauche, 1er dan et S\u00e9bastien ROCHE, \u00e0 droite, 2\u00e8me dan.\" \t\tclass=\"so-widget-image\"\/>\n\t<\/div>\n\n<h3 class=\"widget-title\">Patrick JOSEPH, \u00e0 gauche, 1er dan et S\u00e9bastien ROCHE, \u00e0 droite, 2\u00e8me dan.<\/h3><\/div><\/div><\/div><div id=\"pgc-21-0-1\"  class=\"panel-grid-cell\" ><div id=\"panel-21-0-1-0\" class=\"so-panel widget widget_sow-editor panel-first-child panel-last-child\" data-index=\"1\" ><div\n\t\t\t\n\t\t\tclass=\"so-widget-sow-editor so-widget-sow-editor-base\"\n\t\t\t\n\t\t><h3 class=\"widget-title\">Le Dento Budo Dojo en Noire<\/h3>\n<div class=\"siteorigin-widget-tinymce textwidget\">\n\t<p>Le Dento Budo Dojo a eu de nouvelles r\u00e9jouissances en ce mois de mars\u00a0: Patrick JOSEPH\u00a0a obtenu le titre de\u00a0<em>SHOSHI-HO<\/em>\u00a0et\u00a0<em>S\u00e9bastien ROCHE<\/em>\u00a0celui de\u00a0<em>SHOSHI<\/em> (1). Il va sans dire que cette promotion restera le fruit du travail de chacun, effectu\u00e9 dans la passion et la volont\u00e9 de progresser dans notre ryu (2), le Tengu-no-michi. L'assiduit\u00e9 et l'engagement de leur pratique\u00a0me r\u00e9confortent dans l'envie de les emmener encore plus loin.<\/p>\n<p>Le Dento Budo Dojo \u00e9tait tr\u00e8s content de voir leurs sempai ainsi, et montrant, pour ceux qui ont commenc\u00e9 depuis peu la pratique de karatedo, que leur d\u00e9termination les fait avancer sur ce chemin o\u00f9 chaque pas am\u00e8ne de nouvelles questions... et ainsi continue la qu\u00eate.<\/p>\n<p>Encore toutes nos f\u00e9licitations \u00e0 vous deux, et que votre sourire et joie continuent \u00e0 nous accompagner... Do Raku, n'est-ce pas\u00a0!<\/p>\n<p>&nbsp;<\/p>\n<hr \/>\n<p>(1) - Pour plus de d\u00e9tails voir la graduation utilis\u00e9e au Dento Budo Dojo.<br \/>\n(2) - Ecole traditionnelle dans le Budo japonais.<\/p>\n<p>&nbsp;<\/p>\n<p>&nbsp;<\/p>\n<\/div>\n<\/div><\/div><\/div><\/div><div id=\"pg-21-1\"  class=\"panel-grid panel-no-style\" ><div id=\"pgc-21-1-0\"  class=\"panel-grid-cell\" ><div id=\"panel-21-1-0-0\" class=\"so-panel widget widget_sow-editor panel-first-child panel-last-child\" data-index=\"2\" ><div\n\t\t\t\n\t\t\tclass=\"so-widget-sow-editor so-widget-sow-editor-base\"\n\t\t\t\n\t\t><h3 class=\"widget-title\">\u00c9ditorial d'avril 2008<\/h3>\n<div class=\"siteorigin-widget-tinymce textwidget\">\n\t<p>Que dire pour un premier \u00e9ditorial sur le site du Dento Budo Dojo\u00a0? Il y a tant de choses...<\/p>\n<p>Apr\u00e8s r\u00e9flexion, j'ai tout simplement pens\u00e9 aux raisons de la pr\u00e9sence de ce site. La premi\u00e8re, de toute \u00e9vidence est de se faire conna\u00eetre. Cela va de soi\u00a0! Mais on peut se poser la question sur l'utilit\u00e9 d'un nouveau site sur les Arts Martiaux\u00a0: il y en a d\u00e9j\u00e0 tant\u00a0! Chacun d'entre eux d\u00e9fendant une orientation qu'il donne \u00e0 la pratique martiale (ou ce qui en ressemble\u2026), il en sera de m\u00eame pour nous et cela sera notre seconde raison\u00a0: d\u00e9fendre une conception de la pratique martiale et ce qu'elle touche, en notre temps.<\/p>\n<p>Ce qui est certain, c'est que nous ne pratiquons pas dans une orientation sportive ou artistique. Il n'y aura donc pas sur ce site de r\u00e9sultats sportifs.<\/p>\n<p>Il n'y aura pas non plus de vid\u00e9o pr\u00e9sentant une forme telle que le kata* ou autres encha\u00eenements techniques. Non pas que ce soit inint\u00e9ressant, mais cela existe d\u00e9j\u00e0 en suffisamment grande quantit\u00e9 sur le web qu'il ne me para\u00eet pas n\u00e9cessaire d'en rajouter. Et au fond, en dehors du fait qu'une vid\u00e9o restera un document, elle n'apportera rien fondamentalement dans la connaissance de ce qu'elle peut pr\u00e9senter.<\/p>\n<p>Apr\u00e8s ces quelques remarques, que peut apporter notre site\u00a0?<\/p>\n<p>Je pense qu'une raison valable de son existence sera celle de la r\u00e9flexion. En effet, r\u00e9fl\u00e9chir sur sa propre pratique me semble central pour \u00e9viter si possible de s'orienter dans une impasse. Si c'\u00e9tait le cas, il n'est jamais trop tard de faire demi-tour dans cette impasse pour se r\u00e9orienter vers une pratique plus constructive dans l'int\u00e9r\u00eat d'une bienveillance chez chacun d'entre nous. La pratique des Arts Martiaux, s'\u00e9tant popularis\u00e9e depuis la deuxi\u00e8me moiti\u00e9 du XXe\u00a0si\u00e8cle, a pris de multiples directions. Malheureusement, nombreuses sont celles qui, de mon point de vue, n'ont plus rien \u00e0 voir avec les diff\u00e9rents enseignements que nous ont laiss\u00e9s ces ma\u00eetres reconnus dans la g\u00e9n\u00e9alogie de ces arts.<\/p>\n<p style=\"text-align: right;\">Le pr\u00e9sident\u00a0: Jean Claude B\u00e9nis<\/p>\n<\/div>\n<\/div><\/div><\/div><\/div><div id=\"pg-21-2\"  class=\"panel-grid panel-no-style\" ><div id=\"pgc-21-2-0\"  class=\"panel-grid-cell\" ><div id=\"panel-21-2-0-0\" class=\"so-panel widget widget_sow-editor panel-first-child panel-last-child\" data-index=\"3\" ><div\n\t\t\t\n\t\t\tclass=\"so-widget-sow-editor so-widget-sow-editor-base\"\n\t\t\t\n\t\t><h3 class=\"widget-title\">\u00c9ditorial de septembre 2008<\/h3>\n<div class=\"siteorigin-widget-tinymce textwidget\">\n\t<p>L'\u00e9t\u00e9 dernier a vu les m\u00e9dias se tourner vers l'est, avec les Jeux Olympiques se d\u00e9roulant en Chine. Je me suis int\u00e9ress\u00e9 \u00e0 toutes les disciplines mais j'ai accentu\u00e9 mon attention sur les \"arts martiaux\", si on peut encore appeler cela comme \u00e7a, et j'ai eu des surprises... Bien s\u00fbr, \u00e0 ce \"niveau-l\u00e0, la forme physique est bien pr\u00e9sente, mais qu'en est-il de la force morale lorsqu'on voit des pleurs suite \u00e0 une d\u00e9ception\u00a0? Cela m'a interrog\u00e9. Un rang sur un podium, une m\u00e9daille \"rat\u00e9e\" n'est rien \u00e0 c\u00f4t\u00e9 de sa propre vie, car dans l'art martial, seul l'enjeu est celui de pr\u00e9server sa vie...<\/p>\n<p>On peut se demander comment ressortent les personnes qui ont v\u00e9cu cette d\u00e9ception durant la comp\u00e9tition. Cela doit laisser des traces, parfois longues \u00e0 gu\u00e9rir... mais o\u00f9 est alors l'aspect \u00e9ducatif de la pratique de l'Art martial, cette partie qui construit l'\u00eatre humain, physiquement, le maintenant ainsi en bonne sant\u00e9, mais aussi psychologiquement, en faisant en sorte qu'il se sente bien avec lui-m\u00eame avec un esprit lucide face aux r\u00e9els enjeux. Dans le taekwondo, une forme de karat\u00e9 pratiqu\u00e9e initialement en Cor\u00e9e, on a pu \u00e9galement voir que seules les techniques de jambes \u00e9taient pr\u00e9sentes dans la comp\u00e9tition. Cette pratique est \u00e9videmment r\u00e9ductrice car le taekwondo offre beaucoup plus que cela dans sa technique, et heureusement. L'erreur ici est justement de faire croire au public que le taekwondo, c'est ce qu'on nous montre \u00e0 travers les m\u00e9dias, et que si vous ne savez pas donner des coups de pied, vous ne pouvez pas pratiquer. En d'autres termes, le jour o\u00f9 vous ne pouvez plus utiliser vos jambes, vous n'\u00eates plus \"bons\"\u00a0! Rien que \u00e7a. Et l\u00e0 encore, o\u00f9 est l'aspect \u00e9ducatif de l'art martial\u00a0? Je me r\u00e9p\u00e8te, mais j'insiste... les ma\u00eetres du si\u00e8cle dernier, pratiquaient eux, toute une vie, m\u00eame sans les jambes, en pr\u00e9servant leur sant\u00e9 et non pas en subissant de durs traumatismes. C'est d'ailleurs par une pratique intelligente que vous pouvez pratiquer sur une vie. \u00c9videmment, nul n'est pour autant \u00e0 l'abri d'un souci de sant\u00e9, et l\u00e0, nous avons tous le droit \u00e0 une part de ce \"g\u00e2teau\" dont on se passerait bien.<\/p>\n<p>Si maintenant vous voulez essayer une pratique qui n'est pas celle d'un sport mais bien celle d'un art martial au sens noble du terme, o\u00f9 la comp\u00e9tition y est totalement absente dans l'esprit de la pratique mais aussi dans celle des personnes pr\u00e9sentes, alors vous pouvez nous rejoindre et vous verrez que souvent nous avons une vision de la pratique martiale bien erron\u00e9e. Maintenant, ceux qui veulent faire de la comp\u00e9tition je n'ai \u00e9videmment rien contre, c'est leur choix et je le respecte et pour cela, il existe des structures qui le proposent. C'est aussi bien que cela existe\u00a0: il en faut pour tout le monde\u00a0! Il ne faudrait cependant pas croire que la pratique que nous proposons est celle d'un loisir, d'un moment de d\u00e9tente... bien au contraire, c'est l'effort qui compte, la pers\u00e9v\u00e9rance, l'assiduit\u00e9 et la r\u00e9flexion pour toujours progresser et surtout \u00e9voluer dans sa technique \u00e0 travers ce que vous pouvez mettre en place avec votre corps, mais aussi intelligemment, d'une mani\u00e8re constructive.<\/p>\n<p>Tout un programme et combien passionnant pour celles et ceux d'entre vous qui voudront bien faire cette d\u00e9marche.<\/p>\n<p style=\"text-align: right;\">Le pr\u00e9sident\u00a0: Jean Claude B\u00e9nis<\/p>\n<\/div>\n<\/div><\/div><\/div><\/div><div id=\"pg-21-3\"  class=\"panel-grid panel-no-style\" ><div id=\"pgc-21-3-0\"  class=\"panel-grid-cell\" ><div id=\"panel-21-3-0-0\" class=\"so-panel widget widget_sow-editor panel-first-child panel-last-child\" data-index=\"4\" ><div\n\t\t\t\n\t\t\tclass=\"so-widget-sow-editor so-widget-sow-editor-base\"\n\t\t\t\n\t\t><h3 class=\"widget-title\">Fibromyalgie - Intervention de notre association<\/h3>\n<div class=\"siteorigin-widget-tinymce textwidget\">\n\t<p>C\u2019est apr\u00e8s un entretien t\u00e9l\u00e9phonique avec Ma\u00eft\u00e9 Demichel, une des responsables de l\u2019Association des Fibromyalgiques d\u2019Alsace (<a href=\"http:\/\/www.fibroalsace.org\/\">AFA<\/a>) et un contact avec la pr\u00e9sidente Martine Gross, que notre pr\u00e9sident Jean-Claude B\u00e9nis a eu le privil\u00e8ge d\u2019intervenir pour une conf\u00e9rence sur la pratique du <em>Qi Gong<\/em> et du <em>Tai Chi Chuan<\/em>.<br \/>\nLa pr\u00e9sidente Martine Gross ayant fait un discours pr\u00e9sentant la maladie ce 25 octobre 2008, avec les derni\u00e8res donn\u00e9es connues de cette maladie, c\u2019\u00e9tait au tour de Jean-Claude d\u2019intervenir.<br \/>\nPour commencer, une pr\u00e9sentation g\u00e9n\u00e9rale fut effectu\u00e9e sur la pratique du <em>Qi Gong<\/em> comme du <em>Tai Chi Chuan<\/em>, en indiquant les vertus connues que cela engendrait dans certains cas et sur certaines personnes d\u2019un point de vue m\u00e9dical, auquel se rajoutait un aper\u00e7u historique sur les origines suppos\u00e9es de ces pratiques ainsi que les diff\u00e9rents styles connus aujourd\u2019hui. Le foisonnement des pratiques internes dans notre soci\u00e9t\u00e9 ainsi que l\u2019expansion du nombre de groupe pratiquant le <em>Qi Gong<\/em> comme le <em>Tai Chi Chuan<\/em> montre bien l\u2019int\u00e9r\u00eat que portent aujourd\u2019hui les gens aupr\u00e8s de cette \u00ab m\u00e9decine douce \u00bb.<br \/>\nFace \u00e0 ce constat, le pr\u00e9sident n\u2019h\u00e9sitait pas \u00e0 mettre en garde quant aux r\u00e9sultats, tant attendus, de ces pratiques, la m\u00e9decine occidentale dite traditionnelle n\u2019ayant pas (encore) de r\u00e9ponse \u00e0 la fibromyalgie dont la source reste encore dans le brouillard. Il apparaissait souvent un d\u00e9sarroi dans l\u2019assembl\u00e9e, et bien compr\u00e9hensible, o\u00f9 parfois de grosses sommes d\u2019argent \u00e9taient investies aupr\u00e8s de personnes tant soit peu malhonn\u00eates, avec des solutions \u00ab miraculeuses \u00bb, ce qui laissait \u00e9videmment M. B\u00e9nis perplexe devant cette situation. Alors pour essayer de prot\u00e9ger ces personnes, il mettait en garde sur les r\u00e9sultats tant esp\u00e9r\u00e9s des pratiques internes : \"D\u2019abord, il faut avoir confiance en son m\u00e9decin : c\u2019est le sp\u00e9cialiste ! Maintenant, on peut effectivement essayer d\u2019autres pratiques pouvant aider, sans doute, mais de l\u00e0 \u00e0 pr\u00e9tendre la gu\u00e9rison\u2026 ce serait certainement du mensonge\". Le discours de M. B\u00e9nis \u00e9tait sans d\u00e9tour, m\u00eame aupr\u00e8s de personnes qui enseignent le <em>Tai Chi Chuan<\/em> avec si peu d\u2019ann\u00e9es de pratique\u2026 ce n\u2019est pas s\u00e9rieux ! Dans la tradition, soulignait-il, il faut au moins dix ann\u00e9es de pratique pour commencer l\u2019enseignement\u2026 et ce n\u2019est m\u00eame pas encore suffisant : il faut \u00e9galement l\u2019autorisation d\u2019un ma\u00eetre reconnu dans ses arts\u2026 Ce n\u2019est \u00e9videmment pas le discours attendu par l\u2019assembl\u00e9e, mais que dire d\u2019autre ? Seul un langage de v\u00e9rit\u00e9 doit avoir place devant des personnes qui souffrent\u2026<br \/>\nCette mise en garde \u00e9nonc\u00e9e, Jean-Claude B\u00e9nis fit une petite d\u00e9monstration de <em>Tai Chi Chuan<\/em> ainsi que quelques mouvements de<em> Qi Gong<\/em>. Pour compl\u00e9ter l\u2019aspect visuel, un peu de <em>Tui Shou<\/em> fut \u00e9galement montr\u00e9 avec une personne de l\u2019auditoire.<br \/>\nPour clore cette apr\u00e8s-midi, un go\u00fbter fut organis\u00e9 par l\u2019association et c\u2019\u00e9tait aussi l\u2019occasion pour Jean-Claude B\u00e9nis de r\u00e9pondre, d\u2019une mani\u00e8re plus proche, aux quelques questions qui venaient d\u2019ici et de l\u00e0.<br \/>\nL\u2019impression qui se d\u00e9gageait de ce moment pass\u00e9\u2026 laissait au repr\u00e9sentant du <strong>Dento Budo Dojo<\/strong> une sensation de brouillard qui met mal \u00e0 l\u2019aise\u2026 car se sentant en bonne sant\u00e9, on ne peut imaginer la souffrance de ces gens. Alors oui, continuons de pratiquer nos arts\u2026 pour nous aider \u00e0 mieux vivre.<\/p>\n<p style=\"text-align: right;\">\nNovembre 2008<\/p>\n<\/div>\n<\/div><\/div><\/div><\/div><\/div>","protected":false},"excerpt":{"rendered":"<p>Le Dento Budo Dojo a eu de nouvelles r\u00e9jouissances en [&hellip;]<\/p>\n","protected":false},"author":1,"featured_media":0,"parent":0,"menu_order":0,"comment_status":"closed","ping_status":"closed","template":"","meta":{"footnotes":""},"class_list":["post-21","page","type-page","status-publish","hentry"],"yoast_head":"<!-- This site is optimized with the Yoast SEO plugin v24.1 - https:\/\/yoast.com\/wordpress\/plugins\/seo\/ -->\n<title>Archive 2008 - Dento Budo Dojo<\/title>\n<meta name=\"robots\" content=\"index, follow, max-snippet:-1, max-image-preview:large, max-video-preview:-1\" \/>\n<link rel=\"canonical\" href=\"https:\/\/dento-budo-dojo.fr\/?page_id=21\" \/>\n<meta property=\"og:locale\" content=\"fr_FR\" \/>\n<meta property=\"og:type\" content=\"article\" \/>\n<meta property=\"og:title\" content=\"Archive 2008 - Dento Budo Dojo\" \/>\n<meta property=\"og:description\" content=\"Le Dento Budo Dojo a eu de nouvelles r\u00e9jouissances en [&hellip;]\" \/>\n<meta property=\"og:url\" content=\"https:\/\/dento-budo-dojo.fr\/?page_id=21\" \/>\n<meta property=\"og:site_name\" content=\"Dento Budo Dojo\" \/>\n<meta property=\"article:modified_time\" content=\"2018-05-26T13:53:02+00:00\" \/>\n<meta name=\"twitter:card\" content=\"summary_large_image\" \/>\n<meta name=\"twitter:label1\" content=\"Dur\u00e9e de lecture estim\u00e9e\" \/>\n\t<meta name=\"twitter:data1\" content=\"9 minutes\" \/>\n<script type=\"application\/ld+json\" class=\"yoast-schema-graph\">{\"@context\":\"https:\/\/schema.org\",\"@graph\":[{\"@type\":\"WebPage\",\"@id\":\"https:\/\/dento-budo-dojo.fr\/?page_id=21\",\"url\":\"https:\/\/dento-budo-dojo.fr\/?page_id=21\",\"name\":\"Archive 2008 - Dento Budo Dojo\",\"isPartOf\":{\"@id\":\"http:\/\/dento-budo-dojo.fr\/#website\"},\"datePublished\":\"2018-05-18T13:20:56+00:00\",\"dateModified\":\"2018-05-26T13:53:02+00:00\",\"breadcrumb\":{\"@id\":\"https:\/\/dento-budo-dojo.fr\/?page_id=21#breadcrumb\"},\"inLanguage\":\"fr-FR\",\"potentialAction\":[{\"@type\":\"ReadAction\",\"target\":[\"https:\/\/dento-budo-dojo.fr\/?page_id=21\"]}]},{\"@type\":\"BreadcrumbList\",\"@id\":\"https:\/\/dento-budo-dojo.fr\/?page_id=21#breadcrumb\",\"itemListElement\":[{\"@type\":\"ListItem\",\"position\":1,\"name\":\"Accueil\",\"item\":\"https:\/\/dento-budo-dojo.fr\/\"},{\"@type\":\"ListItem\",\"position\":2,\"name\":\"Archive 2008\"}]},{\"@type\":\"WebSite\",\"@id\":\"http:\/\/dento-budo-dojo.fr\/#website\",\"url\":\"http:\/\/dento-budo-dojo.fr\/\",\"name\":\"Dento Budo Dojo\",\"description\":\"Ne pas se battre, ne pas subir.\",\"potentialAction\":[{\"@type\":\"SearchAction\",\"target\":{\"@type\":\"EntryPoint\",\"urlTemplate\":\"http:\/\/dento-budo-dojo.fr\/?s={search_term_string}\"},\"query-input\":{\"@type\":\"PropertyValueSpecification\",\"valueRequired\":true,\"valueName\":\"search_term_string\"}}],\"inLanguage\":\"fr-FR\"}]}<\/script>\n<!-- \/ Yoast SEO plugin. -->","yoast_head_json":{"title":"Archive 2008 - Dento Budo Dojo","robots":{"index":"index","follow":"follow","max-snippet":"max-snippet:-1","max-image-preview":"max-image-preview:large","max-video-preview":"max-video-preview:-1"},"canonical":"https:\/\/dento-budo-dojo.fr\/?page_id=21","og_locale":"fr_FR","og_type":"article","og_title":"Archive 2008 - Dento Budo Dojo","og_description":"Le Dento Budo Dojo a eu de nouvelles r\u00e9jouissances en [&hellip;]","og_url":"https:\/\/dento-budo-dojo.fr\/?page_id=21","og_site_name":"Dento Budo Dojo","article_modified_time":"2018-05-26T13:53:02+00:00","twitter_card":"summary_large_image","twitter_misc":{"Dur\u00e9e de lecture estim\u00e9e":"9 minutes"},"schema":{"@context":"https:\/\/schema.org","@graph":[{"@type":"WebPage","@id":"https:\/\/dento-budo-dojo.fr\/?page_id=21","url":"https:\/\/dento-budo-dojo.fr\/?page_id=21","name":"Archive 2008 - Dento Budo Dojo","isPartOf":{"@id":"http:\/\/dento-budo-dojo.fr\/#website"},"datePublished":"2018-05-18T13:20:56+00:00","dateModified":"2018-05-26T13:53:02+00:00","breadcrumb":{"@id":"https:\/\/dento-budo-dojo.fr\/?page_id=21#breadcrumb"},"inLanguage":"fr-FR","potentialAction":[{"@type":"ReadAction","target":["https:\/\/dento-budo-dojo.fr\/?page_id=21"]}]},{"@type":"BreadcrumbList","@id":"https:\/\/dento-budo-dojo.fr\/?page_id=21#breadcrumb","itemListElement":[{"@type":"ListItem","position":1,"name":"Accueil","item":"https:\/\/dento-budo-dojo.fr\/"},{"@type":"ListItem","position":2,"name":"Archive 2008"}]},{"@type":"WebSite","@id":"http:\/\/dento-budo-dojo.fr\/#website","url":"http:\/\/dento-budo-dojo.fr\/","name":"Dento Budo Dojo","description":"Ne pas se battre, ne pas subir.","potentialAction":[{"@type":"SearchAction","target":{"@type":"EntryPoint","urlTemplate":"http:\/\/dento-budo-dojo.fr\/?s={search_term_string}"},"query-input":{"@type":"PropertyValueSpecification","valueRequired":true,"valueName":"search_term_string"}}],"inLanguage":"fr-FR"}]}},"_links":{"self":[{"href":"http:\/\/dento-budo-dojo.fr\/index.php?rest_route=\/wp\/v2\/pages\/21","targetHints":{"allow":["GET"]}}],"collection":[{"href":"http:\/\/dento-budo-dojo.fr\/index.php?rest_route=\/wp\/v2\/pages"}],"about":[{"href":"http:\/\/dento-budo-dojo.fr\/index.php?rest_route=\/wp\/v2\/types\/page"}],"author":[{"embeddable":true,"href":"http:\/\/dento-budo-dojo.fr\/index.php?rest_route=\/wp\/v2\/users\/1"}],"replies":[{"embeddable":true,"href":"http:\/\/dento-budo-dojo.fr\/index.php?rest_route=%2Fwp%2Fv2%2Fcomments&post=21"}],"version-history":[{"count":47,"href":"http:\/\/dento-budo-dojo.fr\/index.php?rest_route=\/wp\/v2\/pages\/21\/revisions"}],"predecessor-version":[{"id":142,"href":"http:\/\/dento-budo-dojo.fr\/index.php?rest_route=\/wp\/v2\/pages\/21\/revisions\/142"}],"wp:attachment":[{"href":"http:\/\/dento-budo-dojo.fr\/index.php?rest_route=%2Fwp%2Fv2%2Fmedia&parent=21"}],"curies":[{"name":"wp","href":"https:\/\/api.w.org\/{rel}","templated":true}]}}