{"id":1922,"date":"2019-05-08T16:38:28","date_gmt":"2019-05-08T14:38:28","guid":{"rendered":"http:\/\/dento-budo-dojo.fr\/?page_id=1922"},"modified":"2025-01-23T19:12:24","modified_gmt":"2025-01-23T18:12:24","slug":"elementor-1922","status":"publish","type":"page","link":"http:\/\/dento-budo-dojo.fr\/?page_id=1922","title":{"rendered":"Localisation"},"content":{"rendered":"\t\t<div data-elementor-type=\"wp-post\" data-elementor-id=\"1922\" class=\"elementor elementor-1922\">\n\t\t\t\t\t\t<section class=\"elementor-section elementor-top-section elementor-element elementor-element-b6c2633 elementor-section-boxed elementor-section-height-default elementor-section-height-default\" data-id=\"b6c2633\" data-element_type=\"section\">\n\t\t\t\t\t\t<div class=\"elementor-container elementor-column-gap-default\">\n\t\t\t\t\t<div class=\"elementor-column elementor-col-33 elementor-top-column elementor-element elementor-element-c3722ed\" data-id=\"c3722ed\" data-element_type=\"column\">\n\t\t\t<div class=\"elementor-widget-wrap elementor-element-populated\">\n\t\t\t\t\t\t<div class=\"elementor-element elementor-element-d47ee5e elementor-widget elementor-widget-heading\" data-id=\"d47ee5e\" data-element_type=\"widget\" data-widget_type=\"heading.default\">\n\t\t\t\t<div class=\"elementor-widget-container\">\n\t\t\t\t\t<h1 class=\"elementor-heading-title elementor-size-default\">O\u00f9 sommes-nous ?<\/h1>\t\t\t\t<\/div>\n\t\t\t\t<\/div>\n\t\t\t\t<div class=\"elementor-element elementor-element-8e1e161 elementor-invisible elementor-widget elementor-widget-text-editor\" data-id=\"8e1e161\" data-element_type=\"widget\" data-settings=\"{&quot;_animation&quot;:&quot;slideInLeft&quot;}\" data-widget_type=\"text-editor.default\">\n\t\t\t\t<div class=\"elementor-widget-container\">\n\t\t\t\t\t\t\t\t\t<h1 style=\"text-align: center;\"><strong><span style=\"color: #0000ff;\">\u00c0\u00a0 \u00a0 S \u00e9 l e s t a t<\/span><\/strong><\/h1>\t\t\t\t\t\t\t\t<\/div>\n\t\t\t\t<\/div>\n\t\t\t\t<div class=\"elementor-element elementor-element-73c17ad elementor-widget elementor-widget-text-editor\" data-id=\"73c17ad\" data-element_type=\"widget\" data-widget_type=\"text-editor.default\">\n\t\t\t\t<div class=\"elementor-widget-container\">\n\t\t\t\t\t\t\t\t\t<p>Le <u><i><b>Dento Budo Dojo<\/b><\/i><\/u> est localis\u00e9 dans la ville de <b>S\u00e9lestat\u00a0<\/b>qui se situe dans le bassin Rh\u00e9nan, sur l\u2019axe Nord Sud entre Strasbourg (Bas-Rhin) et Mulhouse (Haut-Rhin), \u00e0 environ 35\u00a0km au nord de Colmar. La localisation plus pr\u00e9cise vous est montr\u00e9e ci-apr\u00e8s.<\/p>\t\t\t\t\t\t\t\t<\/div>\n\t\t\t\t<\/div>\n\t\t\t\t<section class=\"elementor-section elementor-inner-section elementor-element elementor-element-f77b1a3 elementor-section-boxed elementor-section-height-default elementor-section-height-default\" data-id=\"f77b1a3\" data-element_type=\"section\">\n\t\t\t\t\t\t<div class=\"elementor-container elementor-column-gap-default\">\n\t\t\t\t\t<div class=\"elementor-column elementor-col-50 elementor-inner-column elementor-element elementor-element-ea40e7c\" data-id=\"ea40e7c\" data-element_type=\"column\" data-settings=\"{&quot;background_background&quot;:&quot;gradient&quot;}\">\n\t\t\t<div class=\"elementor-widget-wrap elementor-element-populated\">\n\t\t\t\t\t\t<div class=\"elementor-element elementor-element-03b19b8 elementor-invisible elementor-widget elementor-widget-image\" data-id=\"03b19b8\" data-element_type=\"widget\" data-settings=\"{&quot;_animation&quot;:&quot;fadeInUp&quot;}\" data-widget_type=\"image.default\">\n\t\t\t\t<div class=\"elementor-widget-container\">\n\t\t\t\t\t\t\t\t\t\t\t\t\t\t\t<img fetchpriority=\"high\" decoding=\"async\" width=\"350\" height=\"148\" src=\"http:\/\/dento-budo-dojo.fr\/wp-content\/uploads\/2019\/04\/karate.png\" class=\"attachment-large size-large wp-image-1115\" alt=\"Tengu Karat\u00e9-do\" srcset=\"http:\/\/dento-budo-dojo.fr\/wp-content\/uploads\/2019\/04\/karate-200x85.png 200w, http:\/\/dento-budo-dojo.fr\/wp-content\/uploads\/2019\/04\/karate-300x127.png 300w, http:\/\/dento-budo-dojo.fr\/wp-content\/uploads\/2019\/04\/karate.png 350w\" sizes=\"(max-width: 350px) 100vw, 350px\" \/>\t\t\t\t\t\t\t\t\t\t\t\t\t\t\t<\/div>\n\t\t\t\t<\/div>\n\t\t\t\t<div class=\"elementor-element elementor-element-72cff6c elementor-widget elementor-widget-text-editor\" data-id=\"72cff6c\" data-element_type=\"widget\" data-widget_type=\"text-editor.default\">\n\t\t\t\t<div class=\"elementor-widget-container\">\n\t\t\t\t\t\t\t\t\t<p>Nous sommes situ\u00e9s \u00e0 S\u00e9lestat, dans les locaux de\u00a0l&rsquo;<strong>\u00e9cole Sainte Foy<\/strong>, juste \u00e0 c\u00f4t\u00e9 de l&rsquo;\u00e9glise du m\u00eame nom, les lundis et mercredis, au centre ville.<\/p>\t\t\t\t\t\t\t\t<\/div>\n\t\t\t\t<\/div>\n\t\t\t\t\t<\/div>\n\t\t<\/div>\n\t\t\t\t<div class=\"elementor-column elementor-col-50 elementor-inner-column elementor-element elementor-element-29fa426\" data-id=\"29fa426\" data-element_type=\"column\" data-settings=\"{&quot;background_background&quot;:&quot;gradient&quot;}\">\n\t\t\t<div class=\"elementor-widget-wrap elementor-element-populated\">\n\t\t\t\t\t\t<div class=\"elementor-element elementor-element-0248625 elementor-invisible elementor-widget elementor-widget-image\" data-id=\"0248625\" data-element_type=\"widget\" data-settings=\"{&quot;_animation&quot;:&quot;fadeInDown&quot;}\" data-widget_type=\"image.default\">\n\t\t\t\t<div class=\"elementor-widget-container\">\n\t\t\t\t\t\t\t\t\t\t\t\t\t\t\t<img decoding=\"async\" width=\"350\" height=\"148\" src=\"http:\/\/dento-budo-dojo.fr\/wp-content\/uploads\/2019\/04\/tai-chi-chuan.png\" class=\"attachment-large size-large wp-image-1202\" alt=\"Logo du Tai Chi Chuan\" srcset=\"http:\/\/dento-budo-dojo.fr\/wp-content\/uploads\/2019\/04\/tai-chi-chuan-200x85.png 200w, http:\/\/dento-budo-dojo.fr\/wp-content\/uploads\/2019\/04\/tai-chi-chuan-300x127.png 300w, http:\/\/dento-budo-dojo.fr\/wp-content\/uploads\/2019\/04\/tai-chi-chuan.png 350w\" sizes=\"(max-width: 350px) 100vw, 350px\" \/>\t\t\t\t\t\t\t\t\t\t\t\t\t\t\t<\/div>\n\t\t\t\t<\/div>\n\t\t\t\t<div class=\"elementor-element elementor-element-058684e elementor-widget elementor-widget-text-editor\" data-id=\"058684e\" data-element_type=\"widget\" data-widget_type=\"text-editor.default\">\n\t\t\t\t<div class=\"elementor-widget-container\">\n\t\t\t\t\t\t\t\t\t<p>Le <em>Tai Chi Chuan<\/em>\u00a0et le\u00a0<em>Qi Gong <\/em>ont lieu dans la salle de l&rsquo;<strong>\u00e9cole Sainte Foy<\/strong>, juste \u00e0 c\u00f4t\u00e9 de l&rsquo;\u00e9glise du m\u00eame nom, les mardis, de 20h00 \u00e0 21h30.<\/p>\t\t\t\t\t\t\t\t<\/div>\n\t\t\t\t<\/div>\n\t\t\t\t\t<\/div>\n\t\t<\/div>\n\t\t\t\t\t<\/div>\n\t\t<\/section>\n\t\t\t\t<div class=\"elementor-element elementor-element-428a66e elementor-widget elementor-widget-text-editor\" data-id=\"428a66e\" data-element_type=\"widget\" data-widget_type=\"text-editor.default\">\n\t\t\t\t<div class=\"elementor-widget-container\">\n\t\t\t\t\t\t\t\t\t<p><b>La localisation est visible sur les cartes qui suivent&#8230;<\/b><\/p>\t\t\t\t\t\t\t\t<\/div>\n\t\t\t\t<\/div>\n\t\t\t\t\t<\/div>\n\t\t<\/div>\n\t\t\t\t<div class=\"elementor-column elementor-col-66 elementor-top-column elementor-element elementor-element-c642856\" data-id=\"c642856\" data-element_type=\"column\">\n\t\t\t<div class=\"elementor-widget-wrap elementor-element-populated\">\n\t\t\t\t\t\t<div class=\"elementor-element elementor-element-3b76051 elementor-widget elementor-widget-image\" data-id=\"3b76051\" data-element_type=\"widget\" data-widget_type=\"image.default\">\n\t\t\t\t<div class=\"elementor-widget-container\">\n\t\t\t\t\t\t\t\t\t\t\t\t\t\t\t<img decoding=\"async\" width=\"653\" height=\"781\" src=\"http:\/\/dento-budo-dojo.fr\/wp-content\/uploads\/2019\/05\/Bas-Rhin.jpg\" class=\"attachment-large size-large wp-image-1952\" alt=\"Bas-Rhin\" srcset=\"http:\/\/dento-budo-dojo.fr\/wp-content\/uploads\/2019\/05\/Bas-Rhin-200x239.jpg 200w, http:\/\/dento-budo-dojo.fr\/wp-content\/uploads\/2019\/05\/Bas-Rhin-251x300.jpg 251w, http:\/\/dento-budo-dojo.fr\/wp-content\/uploads\/2019\/05\/Bas-Rhin-400x478.jpg 400w, http:\/\/dento-budo-dojo.fr\/wp-content\/uploads\/2019\/05\/Bas-Rhin-600x718.jpg 600w, http:\/\/dento-budo-dojo.fr\/wp-content\/uploads\/2019\/05\/Bas-Rhin.jpg 653w\" sizes=\"(max-width: 653px) 100vw, 653px\" \/>\t\t\t\t\t\t\t\t\t\t\t\t\t\t\t<\/div>\n\t\t\t\t<\/div>\n\t\t\t\t\t<\/div>\n\t\t<\/div>\n\t\t\t\t\t<\/div>\n\t\t<\/section>\n\t\t\t\t<section class=\"elementor-section elementor-top-section elementor-element elementor-element-9436f30 elementor-section-boxed elementor-section-height-default elementor-section-height-default\" data-id=\"9436f30\" data-element_type=\"section\">\n\t\t\t\t\t\t<div class=\"elementor-container elementor-column-gap-default\">\n\t\t\t\t\t<div class=\"elementor-column elementor-col-100 elementor-top-column elementor-element elementor-element-370c242\" data-id=\"370c242\" data-element_type=\"column\">\n\t\t\t<div class=\"elementor-widget-wrap elementor-element-populated\">\n\t\t\t\t\t\t<div class=\"elementor-element elementor-element-e4ec09c elementor-widget-divider--view-line elementor-widget elementor-widget-divider\" data-id=\"e4ec09c\" data-element_type=\"widget\" data-widget_type=\"divider.default\">\n\t\t\t\t<div class=\"elementor-widget-container\">\n\t\t\t\t\t\t\t<div class=\"elementor-divider\">\n\t\t\t<span class=\"elementor-divider-separator\">\n\t\t\t\t\t\t<\/span>\n\t\t<\/div>\n\t\t\t\t\t\t<\/div>\n\t\t\t\t<\/div>\n\t\t\t\t\t<\/div>\n\t\t<\/div>\n\t\t\t\t\t<\/div>\n\t\t<\/section>\n\t\t\t\t<section class=\"elementor-section elementor-top-section elementor-element elementor-element-b16fcae elementor-section-boxed elementor-section-height-default elementor-section-height-default\" data-id=\"b16fcae\" data-element_type=\"section\">\n\t\t\t\t\t\t<div class=\"elementor-container elementor-column-gap-default\">\n\t\t\t\t\t<div class=\"elementor-column elementor-col-50 elementor-top-column elementor-element elementor-element-b8bbb80\" data-id=\"b8bbb80\" data-element_type=\"column\">\n\t\t\t<div class=\"elementor-widget-wrap elementor-element-populated\">\n\t\t\t\t\t\t<div class=\"elementor-element elementor-element-453cb23 elementor-widget elementor-widget-text-editor\" data-id=\"453cb23\" data-element_type=\"widget\" data-widget_type=\"text-editor.default\">\n\t\t\t\t<div class=\"elementor-widget-container\">\n\t\t\t\t\t\t\t\t\t<p style=\"text-align: center;\"><img loading=\"lazy\" decoding=\"async\" class=\"size-full wp-image-1115\" style=\"letter-spacing: 0px;\" src=\"http:\/\/dento-budo-dojo.fr\/wp-content\/uploads\/2019\/04\/karate.png\" alt=\"Tengu Karat\u00e9-do\" width=\"350\" height=\"148\" srcset=\"http:\/\/dento-budo-dojo.fr\/wp-content\/uploads\/2019\/04\/karate-200x85.png 200w, http:\/\/dento-budo-dojo.fr\/wp-content\/uploads\/2019\/04\/karate-300x127.png 300w, http:\/\/dento-budo-dojo.fr\/wp-content\/uploads\/2019\/04\/karate.png 350w\" sizes=\"(max-width: 350px) 100vw, 350px\" \/><\/p>\t\t\t\t\t\t\t\t<\/div>\n\t\t\t\t<\/div>\n\t\t\t\t<div class=\"elementor-element elementor-element-6f03e6f elementor-widget elementor-widget-text-editor\" data-id=\"6f03e6f\" data-element_type=\"widget\" data-widget_type=\"text-editor.default\">\n\t\t\t\t<div class=\"elementor-widget-container\">\n\t\t\t\t\t\t\t\t\t<p>Les lundis et mercredis, karat\u00e9 de 20h00 \u00e0 22h00 \u00e0 l&rsquo;\u00e9cole Sainte Foy.<\/p>\t\t\t\t\t\t\t\t<\/div>\n\t\t\t\t<\/div>\n\t\t\t\t<div class=\"elementor-element elementor-element-383559f elementor-widget elementor-widget-text-editor\" data-id=\"383559f\" data-element_type=\"widget\" data-widget_type=\"text-editor.default\">\n\t\t\t\t<div class=\"elementor-widget-container\">\n\t\t\t\t\t\t\t\t\t<p><img loading=\"lazy\" decoding=\"async\" class=\"aligncenter size-full wp-image-1202\" src=\"http:\/\/dento-budo-dojo.fr\/wp-content\/uploads\/2019\/04\/tai-chi-chuan.png\" alt=\"Logo du Tai Chi Chuan\" width=\"350\" height=\"148\" srcset=\"http:\/\/dento-budo-dojo.fr\/wp-content\/uploads\/2019\/04\/tai-chi-chuan-200x85.png 200w, http:\/\/dento-budo-dojo.fr\/wp-content\/uploads\/2019\/04\/tai-chi-chuan-300x127.png 300w, http:\/\/dento-budo-dojo.fr\/wp-content\/uploads\/2019\/04\/tai-chi-chuan.png 350w\" sizes=\"(max-width: 350px) 100vw, 350px\" \/><\/p><p>Les mardis, Tai Chi Chuan et Qi Gong de 20h00 \u00e0 21h30 \u00e0 l&rsquo;\u00e9cole Sainte Foy.<\/p>\t\t\t\t\t\t\t\t<\/div>\n\t\t\t\t<\/div>\n\t\t\t\t\t<\/div>\n\t\t<\/div>\n\t\t\t\t<div class=\"elementor-column elementor-col-50 elementor-top-column elementor-element elementor-element-79d4deb\" data-id=\"79d4deb\" data-element_type=\"column\">\n\t\t\t<div class=\"elementor-widget-wrap elementor-element-populated\">\n\t\t\t\t\t\t<div class=\"elementor-element elementor-element-4328ce4 elementor-widget elementor-widget-image\" data-id=\"4328ce4\" data-element_type=\"widget\" data-widget_type=\"image.default\">\n\t\t\t\t<div class=\"elementor-widget-container\">\n\t\t\t\t\t\t\t\t\t\t\t\t\t\t\t<img loading=\"lazy\" decoding=\"async\" width=\"1024\" height=\"603\" src=\"http:\/\/dento-budo-dojo.fr\/wp-content\/uploads\/2019\/12\/Karate-Selestat-1024x603.png\" class=\"attachment-large size-large wp-image-2594\" alt=\"Lieu o\u00f9 on pratique le Tengu-ryu Karat\u00e9-do\" srcset=\"http:\/\/dento-budo-dojo.fr\/wp-content\/uploads\/2019\/12\/Karate-Selestat-200x118.png 200w, http:\/\/dento-budo-dojo.fr\/wp-content\/uploads\/2019\/12\/Karate-Selestat-300x177.png 300w, http:\/\/dento-budo-dojo.fr\/wp-content\/uploads\/2019\/12\/Karate-Selestat-400x236.png 400w, http:\/\/dento-budo-dojo.fr\/wp-content\/uploads\/2019\/12\/Karate-Selestat-600x353.png 600w, http:\/\/dento-budo-dojo.fr\/wp-content\/uploads\/2019\/12\/Karate-Selestat-768x452.png 768w, http:\/\/dento-budo-dojo.fr\/wp-content\/uploads\/2019\/12\/Karate-Selestat-800x471.png 800w, http:\/\/dento-budo-dojo.fr\/wp-content\/uploads\/2019\/12\/Karate-Selestat-1024x603.png 1024w, http:\/\/dento-budo-dojo.fr\/wp-content\/uploads\/2019\/12\/Karate-Selestat-1200x707.png 1200w, http:\/\/dento-budo-dojo.fr\/wp-content\/uploads\/2019\/12\/Karate-Selestat.png 1377w\" sizes=\"(max-width: 1024px) 100vw, 1024px\" \/>\t\t\t\t\t\t\t\t\t\t\t\t\t\t\t<\/div>\n\t\t\t\t<\/div>\n\t\t\t\t\t<\/div>\n\t\t<\/div>\n\t\t\t\t\t<\/div>\n\t\t<\/section>\n\t\t\t\t<section class=\"elementor-section elementor-top-section elementor-element elementor-element-e745f4c elementor-section-boxed elementor-section-height-default elementor-section-height-default\" data-id=\"e745f4c\" data-element_type=\"section\">\n\t\t\t\t\t\t<div class=\"elementor-container elementor-column-gap-default\">\n\t\t\t\t\t<div class=\"elementor-column elementor-col-100 elementor-top-column elementor-element elementor-element-bca7d32\" data-id=\"bca7d32\" data-element_type=\"column\">\n\t\t\t<div class=\"elementor-widget-wrap elementor-element-populated\">\n\t\t\t\t\t\t<div class=\"elementor-element elementor-element-7f97524 elementor-widget-divider--view-line elementor-widget elementor-widget-divider\" data-id=\"7f97524\" data-element_type=\"widget\" data-widget_type=\"divider.default\">\n\t\t\t\t<div class=\"elementor-widget-container\">\n\t\t\t\t\t\t\t<div class=\"elementor-divider\">\n\t\t\t<span class=\"elementor-divider-separator\">\n\t\t\t\t\t\t<\/span>\n\t\t<\/div>\n\t\t\t\t\t\t<\/div>\n\t\t\t\t<\/div>\n\t\t\t\t\t<\/div>\n\t\t<\/div>\n\t\t\t\t\t<\/div>\n\t\t<\/section>\n\t\t\t\t<\/div>\n\t\t","protected":false},"excerpt":{"rendered":"<p>O\u00f9 sommes-nous ? \u00c0\u00a0 \u00a0 S \u00e9 l e s [&hellip;]<\/p>\n","protected":false},"author":1,"featured_media":0,"parent":0,"menu_order":0,"comment_status":"closed","ping_status":"closed","template":"","meta":{"footnotes":""},"class_list":["post-1922","page","type-page","status-publish","hentry"],"yoast_head":"<!-- This site is optimized with the Yoast SEO plugin v24.1 - https:\/\/yoast.com\/wordpress\/plugins\/seo\/ -->\n<title>Localisation - Dento Budo Dojo<\/title>\n<meta name=\"robots\" content=\"index, follow, max-snippet:-1, max-image-preview:large, max-video-preview:-1\" \/>\n<link rel=\"canonical\" href=\"http:\/\/dento-budo-dojo.fr\/?page_id=1922\" \/>\n<meta property=\"og:locale\" content=\"fr_FR\" \/>\n<meta property=\"og:type\" content=\"article\" \/>\n<meta property=\"og:title\" content=\"Localisation - Dento Budo Dojo\" \/>\n<meta property=\"og:description\" content=\"O\u00f9 sommes-nous ? \u00c0\u00a0 \u00a0 S \u00e9 l e s [&hellip;]\" \/>\n<meta property=\"og:url\" content=\"http:\/\/dento-budo-dojo.fr\/?page_id=1922\" \/>\n<meta property=\"og:site_name\" content=\"Dento Budo Dojo\" \/>\n<meta property=\"article:modified_time\" content=\"2025-01-23T18:12:24+00:00\" \/>\n<meta property=\"og:image\" content=\"http:\/\/dento-budo-dojo.fr\/wp-content\/uploads\/2019\/04\/karate.png\" \/>\n<meta name=\"twitter:card\" content=\"summary_large_image\" \/>\n<meta name=\"twitter:label1\" content=\"Dur\u00e9e de lecture estim\u00e9e\" \/>\n\t<meta name=\"twitter:data1\" content=\"2 minutes\" \/>\n<script type=\"application\/ld+json\" class=\"yoast-schema-graph\">{\"@context\":\"https:\/\/schema.org\",\"@graph\":[{\"@type\":\"WebPage\",\"@id\":\"http:\/\/dento-budo-dojo.fr\/?page_id=1922\",\"url\":\"http:\/\/dento-budo-dojo.fr\/?page_id=1922\",\"name\":\"Localisation - Dento Budo Dojo\",\"isPartOf\":{\"@id\":\"http:\/\/dento-budo-dojo.fr\/#website\"},\"primaryImageOfPage\":{\"@id\":\"http:\/\/dento-budo-dojo.fr\/?page_id=1922#primaryimage\"},\"image\":{\"@id\":\"http:\/\/dento-budo-dojo.fr\/?page_id=1922#primaryimage\"},\"thumbnailUrl\":\"http:\/\/dento-budo-dojo.fr\/wp-content\/uploads\/2019\/04\/karate.png\",\"datePublished\":\"2019-05-08T14:38:28+00:00\",\"dateModified\":\"2025-01-23T18:12:24+00:00\",\"breadcrumb\":{\"@id\":\"http:\/\/dento-budo-dojo.fr\/?page_id=1922#breadcrumb\"},\"inLanguage\":\"fr-FR\",\"potentialAction\":[{\"@type\":\"ReadAction\",\"target\":[\"http:\/\/dento-budo-dojo.fr\/?page_id=1922\"]}]},{\"@type\":\"ImageObject\",\"inLanguage\":\"fr-FR\",\"@id\":\"http:\/\/dento-budo-dojo.fr\/?page_id=1922#primaryimage\",\"url\":\"http:\/\/dento-budo-dojo.fr\/wp-content\/uploads\/2019\/04\/karate.png\",\"contentUrl\":\"http:\/\/dento-budo-dojo.fr\/wp-content\/uploads\/2019\/04\/karate.png\",\"width\":350,\"height\":148,\"caption\":\"Tengu Karat\u00e9-do\"},{\"@type\":\"BreadcrumbList\",\"@id\":\"http:\/\/dento-budo-dojo.fr\/?page_id=1922#breadcrumb\",\"itemListElement\":[{\"@type\":\"ListItem\",\"position\":1,\"name\":\"Accueil\",\"item\":\"http:\/\/dento-budo-dojo.fr\/\"},{\"@type\":\"ListItem\",\"position\":2,\"name\":\"Localisation\"}]},{\"@type\":\"WebSite\",\"@id\":\"http:\/\/dento-budo-dojo.fr\/#website\",\"url\":\"http:\/\/dento-budo-dojo.fr\/\",\"name\":\"Dento Budo Dojo\",\"description\":\"Ne pas se battre, ne pas subir.\",\"potentialAction\":[{\"@type\":\"SearchAction\",\"target\":{\"@type\":\"EntryPoint\",\"urlTemplate\":\"http:\/\/dento-budo-dojo.fr\/?s={search_term_string}\"},\"query-input\":{\"@type\":\"PropertyValueSpecification\",\"valueRequired\":true,\"valueName\":\"search_term_string\"}}],\"inLanguage\":\"fr-FR\"}]}<\/script>\n<!-- \/ Yoast SEO plugin. -->","yoast_head_json":{"title":"Localisation - Dento Budo Dojo","robots":{"index":"index","follow":"follow","max-snippet":"max-snippet:-1","max-image-preview":"max-image-preview:large","max-video-preview":"max-video-preview:-1"},"canonical":"http:\/\/dento-budo-dojo.fr\/?page_id=1922","og_locale":"fr_FR","og_type":"article","og_title":"Localisation - Dento Budo Dojo","og_description":"O\u00f9 sommes-nous ? \u00c0\u00a0 \u00a0 S \u00e9 l e s [&hellip;]","og_url":"http:\/\/dento-budo-dojo.fr\/?page_id=1922","og_site_name":"Dento Budo Dojo","article_modified_time":"2025-01-23T18:12:24+00:00","og_image":[{"url":"http:\/\/dento-budo-dojo.fr\/wp-content\/uploads\/2019\/04\/karate.png","type":"","width":"","height":""}],"twitter_card":"summary_large_image","twitter_misc":{"Dur\u00e9e de lecture estim\u00e9e":"2 minutes"},"schema":{"@context":"https:\/\/schema.org","@graph":[{"@type":"WebPage","@id":"http:\/\/dento-budo-dojo.fr\/?page_id=1922","url":"http:\/\/dento-budo-dojo.fr\/?page_id=1922","name":"Localisation - Dento Budo Dojo","isPartOf":{"@id":"http:\/\/dento-budo-dojo.fr\/#website"},"primaryImageOfPage":{"@id":"http:\/\/dento-budo-dojo.fr\/?page_id=1922#primaryimage"},"image":{"@id":"http:\/\/dento-budo-dojo.fr\/?page_id=1922#primaryimage"},"thumbnailUrl":"http:\/\/dento-budo-dojo.fr\/wp-content\/uploads\/2019\/04\/karate.png","datePublished":"2019-05-08T14:38:28+00:00","dateModified":"2025-01-23T18:12:24+00:00","breadcrumb":{"@id":"http:\/\/dento-budo-dojo.fr\/?page_id=1922#breadcrumb"},"inLanguage":"fr-FR","potentialAction":[{"@type":"ReadAction","target":["http:\/\/dento-budo-dojo.fr\/?page_id=1922"]}]},{"@type":"ImageObject","inLanguage":"fr-FR","@id":"http:\/\/dento-budo-dojo.fr\/?page_id=1922#primaryimage","url":"http:\/\/dento-budo-dojo.fr\/wp-content\/uploads\/2019\/04\/karate.png","contentUrl":"http:\/\/dento-budo-dojo.fr\/wp-content\/uploads\/2019\/04\/karate.png","width":350,"height":148,"caption":"Tengu Karat\u00e9-do"},{"@type":"BreadcrumbList","@id":"http:\/\/dento-budo-dojo.fr\/?page_id=1922#breadcrumb","itemListElement":[{"@type":"ListItem","position":1,"name":"Accueil","item":"http:\/\/dento-budo-dojo.fr\/"},{"@type":"ListItem","position":2,"name":"Localisation"}]},{"@type":"WebSite","@id":"http:\/\/dento-budo-dojo.fr\/#website","url":"http:\/\/dento-budo-dojo.fr\/","name":"Dento Budo Dojo","description":"Ne pas se battre, ne pas subir.","potentialAction":[{"@type":"SearchAction","target":{"@type":"EntryPoint","urlTemplate":"http:\/\/dento-budo-dojo.fr\/?s={search_term_string}"},"query-input":{"@type":"PropertyValueSpecification","valueRequired":true,"valueName":"search_term_string"}}],"inLanguage":"fr-FR"}]}},"_links":{"self":[{"href":"http:\/\/dento-budo-dojo.fr\/index.php?rest_route=\/wp\/v2\/pages\/1922","targetHints":{"allow":["GET"]}}],"collection":[{"href":"http:\/\/dento-budo-dojo.fr\/index.php?rest_route=\/wp\/v2\/pages"}],"about":[{"href":"http:\/\/dento-budo-dojo.fr\/index.php?rest_route=\/wp\/v2\/types\/page"}],"author":[{"embeddable":true,"href":"http:\/\/dento-budo-dojo.fr\/index.php?rest_route=\/wp\/v2\/users\/1"}],"replies":[{"embeddable":true,"href":"http:\/\/dento-budo-dojo.fr\/index.php?rest_route=%2Fwp%2Fv2%2Fcomments&post=1922"}],"version-history":[{"count":37,"href":"http:\/\/dento-budo-dojo.fr\/index.php?rest_route=\/wp\/v2\/pages\/1922\/revisions"}],"predecessor-version":[{"id":2939,"href":"http:\/\/dento-budo-dojo.fr\/index.php?rest_route=\/wp\/v2\/pages\/1922\/revisions\/2939"}],"wp:attachment":[{"href":"http:\/\/dento-budo-dojo.fr\/index.php?rest_route=%2Fwp%2Fv2%2Fmedia&parent=1922"}],"curies":[{"name":"wp","href":"https:\/\/api.w.org\/{rel}","templated":true}]}}