{"id":191,"date":"2018-05-29T18:29:55","date_gmt":"2018-05-29T16:29:55","guid":{"rendered":"http:\/\/dento-budo-dojo.fr\/?page_id=191"},"modified":"2019-05-01T15:31:29","modified_gmt":"2019-05-01T13:31:29","slug":"stage-de-printemps-2018","status":"publish","type":"page","link":"http:\/\/dento-budo-dojo.fr\/?page_id=191","title":{"rendered":"Stage de printemps 2018"},"content":{"rendered":"<div id=\"pl-191\"  class=\"panel-layout\" ><div id=\"pg-191-0\"  class=\"panel-grid panel-no-style\" ><div id=\"pgc-191-0-0\"  class=\"panel-grid-cell\" ><div id=\"panel-191-0-0-0\" class=\"so-panel widget widget_sow-editor panel-first-child panel-last-child\" data-index=\"0\" ><div\n\t\t\t\n\t\t\tclass=\"so-widget-sow-editor so-widget-sow-editor-base\"\n\t\t\t\n\t\t>\n<div class=\"siteorigin-widget-tinymce textwidget\">\n\t<h4><span style=\"color: #3366ff;\">Mai 2018, week-end de la Pentec\u00f4te.<\/span><\/h4>\n<p>La p\u00e9riode printani\u00e8re est aussi pour notre dojo un moment de rendez-vous avec un stage particulier. Le <em>karat\u00e9<\/em> en premier plan, d\u00e9velopp\u00e9 avec le point de vue du <em>Tengu-ryu<\/em>, et le <em>kobudo<\/em> avec ce m\u00eame \u00e9tat d\u2019esprit de l\u2019\u00e9cole (<em>Ryu<\/em>).<\/p>\n<p>Moment toujours rempli de convivialit\u00e9, d\u2019\u00e9changes linguistiques avec le fran\u00e7ais mais aussi l\u2019allemand, soutenant ainsi la compr\u00e9hension des concepts pour les karat\u00e9kas d\u2019outre Rhin, ce stage venait \u00e0 point pour renforcer la base des fondamentaux du <em>Tengu-ryu<\/em>.<\/p>\n<div id=\"attachment_193\" style=\"width: 3994px\" class=\"wp-caption aligncenter\"><img fetchpriority=\"high\" aria-describedby=\"caption-attachment-193\" fetchpriority=\"high\" decoding=\"async\" class=\"size-full wp-image-193\" src=\"http:\/\/dento-budo-dojo.fr\/wp-content\/uploads\/2018\/05\/Stage-de-printemps-2018-groupe.jpg\" alt=\"Karat\u00e9kas pr\u00e9sents au stage du mois de mai 2018.\" width=\"3984\" height=\"1072\" srcset=\"http:\/\/dento-budo-dojo.fr\/wp-content\/uploads\/2018\/05\/Stage-de-printemps-2018-groupe-200x54.jpg 200w, http:\/\/dento-budo-dojo.fr\/wp-content\/uploads\/2018\/05\/Stage-de-printemps-2018-groupe-300x81.jpg 300w, http:\/\/dento-budo-dojo.fr\/wp-content\/uploads\/2018\/05\/Stage-de-printemps-2018-groupe-400x108.jpg 400w, http:\/\/dento-budo-dojo.fr\/wp-content\/uploads\/2018\/05\/Stage-de-printemps-2018-groupe-600x161.jpg 600w, http:\/\/dento-budo-dojo.fr\/wp-content\/uploads\/2018\/05\/Stage-de-printemps-2018-groupe-768x207.jpg 768w, http:\/\/dento-budo-dojo.fr\/wp-content\/uploads\/2018\/05\/Stage-de-printemps-2018-groupe-800x215.jpg 800w, http:\/\/dento-budo-dojo.fr\/wp-content\/uploads\/2018\/05\/Stage-de-printemps-2018-groupe-1024x276.jpg 1024w, http:\/\/dento-budo-dojo.fr\/wp-content\/uploads\/2018\/05\/Stage-de-printemps-2018-groupe-1200x323.jpg 1200w, http:\/\/dento-budo-dojo.fr\/wp-content\/uploads\/2018\/05\/Stage-de-printemps-2018-groupe.jpg 3984w\" sizes=\"(max-width: 3984px) 100vw, 3984px\" \/><p id=\"caption-attachment-193\" class=\"wp-caption-text\"><em><span style=\"color: #800000;\">Groupe imposant lors de ce stage de printemps 2018.<\/span><\/em><\/p><\/div>\n<p>Tr\u00e8s vite, une fois ces bases revues, quelques id\u00e9es issues de celles-ci furent d\u00e9velopp\u00e9es par <em>Sensei<\/em> Roland Habersetzer, <em>Soke<\/em> (1) de l\u2019\u00e9cole. Quittant peu \u00e0 peu les aspects techniques, c\u2019est surtout les aspects mentaux qui furent mis en avant.<\/p>\n<p>Comme souvent \u00e9nonc\u00e9 dans notre dojo, \u00ab\u00a0ne pas s\u2019attacher\u00a0\u00bb \u00e0 la technique, encore moins au r\u00e9sultat, mais vivre l\u2019instant pr\u00e9sent, reste une pr\u00e9occupation centrale lors d\u2019une v\u00e9ritable confrontation. La philosophie du mouvement touche \u00e0 une attitude comportementale. Laisser ses acquis techniques vivre permettra d\u2019\u00e9laborer une r\u00e9ponse sans doute ad\u00e9quate. Ce n\u2019est \u00e9videmment pas gagn\u00e9 d\u2019avance, car les \u00e9motions contraindront l\u2019\u00e9laboration d\u2019une juste r\u00e9ponse.<\/p>\n<p align=\"JUSTIFY\">Afin de mieux cerner cette philosophie du mouvement, quelques concepts furent pr\u00e9sent\u00e9s, puis \u00e9tudi\u00e9s, \u00e0 travers les quatre premi\u00e8res s\u00e9ries du <em>Goshin no kata<\/em> (2). La difficult\u00e9 est d\u2019avoir un travail carr\u00e9 alors que les formes pr\u00e9sentent beaucoup de rondeur\u2026 ce qui laisse la place \u00e0 de nombreuses erreurs. C\u2019est donc avec un autre regard qu\u2019il faut aborder ces <em>shin kumite<\/em> (nouveaux <em>kumite<\/em>), o\u00f9, m\u00eame si ceux-ci semblent montrer davantage de libert\u00e9, les contraintes sont vraiment nombreuses et exigeantes. Surtout sur la direction du regard\u2026<\/p>\n<p align=\"JUSTIFY\">Une autre partie du stage concernait les katas, avec, cette fois-ci, une accentuation port\u00e9e sur <em>Seienshin<\/em>, bien connu des karat\u00e9kas pratiquant le style<em> Goju-ryu<\/em> ou <em>Shito-ryu<\/em>. Par chance c\u2019est un kata qui connait peu de variations d\u2019un style ou d\u2019un courant \u00e0 un autre, m\u00eame si celles-ci, fatalement, existent quand m\u00eame.<\/p>\n<p align=\"JUSTIFY\">Enfin, un champ d\u2019\u00e9tude fut \u00e9galement orient\u00e9 vers quelques armes\u00a0: les <i>sai<\/i>, par l\u2019apprentissage d\u2019un kata propre au ryu, et le <i>tanbo<\/i> avec quelques kumite. Pour cela, les hauts grad\u00e9s dans ce deuxi\u00e8me domaine de comp\u00e9tence (3) furent sollicit\u00e9s.<\/p>\n<p align=\"JUSTIFY\">L\u2019utilisation du <i>boken<\/i> fut \u00e9galement travaill\u00e9e dans sa forme kata, propre au ryu, rappelant ainsi la forme <i>Karaho tengu no kata<\/i> qui en est le squelette mais qui voit sa forme d\u00e9velopp\u00e9e selon le type d\u2019arme utilis\u00e9e. Le concept du kata g\u00e9n\u00e9rique oriente principalement sur le travail de la m\u00e9moire musculaire, sans tomber pour autant dans une quelconque forme d\u2019automatisation\u00a0!<\/p>\n<p align=\"JUSTIFY\">Notre Soke a une fois de plus remplit sa mission, celle de renforcer, de d\u00e9velopper quelques principes du ryu, dans la plus pure tradition en liant \u00e0 la fois des id\u00e9es du pass\u00e9 avec celles d\u2019un futur proche. C\u2019est sans doute en anticipant des comportements soci\u00e9taux qu\u2019on peut, peut-\u00eatre (soyons humble, modeste\u2026), faire face \u00e0 des situations qui pourraient nous d\u00e9passer si on n\u2019y avait pas pens\u00e9 avant. Mais, nous le savons aussi, qu\u2019en g\u00e9n\u00e9ral lorsque cela arrive, il y a le param\u00e8tre impr\u00e9visible et pourtant l\u00e0 qu\u2019il faudra traiter. Nous ne restons que des \u00eatres humains, avec nos forces mais aussi nos faiblesses. Et pourtant, pratiquer un <em>Budo<\/em>, comme le <em>Tengu-ryu Karatedo<\/em>, dans l\u2019esprit de la Tradition, c\u2019est aussi se pr\u00e9occuper de son environnement, des autres, sans aller forc\u00e9ment dans leur direction si celle-ci est celle d\u2019une certaine violence impos\u00e9e. Un pratiquant responsable doit y faire face, dans la mesure de ses moyens.<\/p>\n<p align=\"JUSTIFY\">Le temps s\u2019\u00e9coule, les ann\u00e9es passent (nos articulations, nos muscles, disons, notre corps, nous le montre\u2026) et pourtant il y a toujours cette appel pour partager cette m\u00eame conception de l\u2019art martial. C\u2019est sans doute une motivation certaine, pour chacun, mais plus encore, une certitude profonde sur notre choix de pratiquer autrement le karat\u00e9, qui nous r\u00e9unit \u00e0 chaque fois. Nous sommes convaincus que la pratique sportive ne peut r\u00e9pondre \u00e0 une situation r\u00e9elle de d\u00e9fense, contrairement \u00e0 ce qu\u2019on veut faire croire au public. Dommage\u2026 le temps s\u2019\u00e9coule, et on le perd\u00a0! Noy\u00e9 dans l\u2019illusion, loin de rentrer dans le c\u0153ur de l\u2019art, la sueur qui se d\u00e9gage de l\u2019effort r\u00e9pond-elle aux v\u00e9ritables enjeux\u00a0? Encore faut-il d\u00e9finir ce que chacun met derri\u00e8re ce terme \u00ab\u00a0enjeux\u00a0\u00bb\u2026 Survie, philosophie extirp\u00e9e d\u2019une pratique martiale, gard\u00e9e une certaine forme physique, \u2026 \u00e0 chacun ses choix\u2026 et sa r\u00e9flexion.<\/p>\n<p>&nbsp;<\/p>\n<hr \/>\n<p>1 \u2013 Fondateur d\u2019une \u00e9cole (Ryu) dans la tradition des arts japonais.<\/p>\n<p>2 \u2013 Le Goshin no kata est une cr\u00e9ation de Sok\u00e9 R. Habersetzer. C\u2019est un kumite kata qui contient des concepts nouveaux vus dans l\u2019\u00e9cole. Empruntant des techniques de karat\u00e9, mais pas seulement, celles-ci sont \u00ab\u00a0revisit\u00e9es\u00a0\u00bb pour toucher \u00e0 des exemples o\u00f9 le \u00ab\u00a0naturel\u00a0\u00bb prend \u00e0 nouveau sa place chez le r\u00f4le de l\u2019attaquant (Tori).<\/p>\n<p>3 \u2013 Dans la pratique du Tengu-ryu, il existe trois domaines de comp\u00e9tence [1 \u00e0 3]\u00a0: le Karat\u00e9 [1], forme \u00e0 mains nues (kara-ho), puis les formes avec armes (buki-ho) correspondant au Kobudo [2] et au Hojutsu [3]. Tous ces domaines correspondent \u00e0 une r\u00e9ponse ad\u00e9quate selon les contextes. C\u2019est aussi une sp\u00e9cificit\u00e9 du Ryu.<\/p>\n<\/div>\n<\/div><\/div><\/div><\/div><div id=\"pg-191-1\"  class=\"panel-grid panel-no-style\" ><div id=\"pgc-191-1-0\"  class=\"panel-grid-cell\" ><div id=\"panel-191-1-0-0\" class=\"so-panel widget widget_sow-editor panel-first-child panel-last-child\" data-index=\"1\" ><div\n\t\t\t\n\t\t\tclass=\"so-widget-sow-editor so-widget-sow-editor-base\"\n\t\t\t\n\t\t>\n<div class=\"siteorigin-widget-tinymce textwidget\">\n\t<div id=\"attachment_197\" style=\"width: 6490px\" class=\"wp-caption aligncenter\"><img aria-describedby=\"caption-attachment-197\" decoding=\"async\" class=\"size-full wp-image-197\" src=\"http:\/\/dento-budo-dojo.fr\/wp-content\/uploads\/2018\/05\/Bokken-Christian-Patrick-S\u00e9bastien.jpg\" alt=\"Tengu no kamae avec le bokken.\" width=\"6480\" height=\"4320\" srcset=\"http:\/\/dento-budo-dojo.fr\/wp-content\/uploads\/2018\/05\/Bokken-Christian-Patrick-S\u00e9bastien-200x133.jpg 200w, http:\/\/dento-budo-dojo.fr\/wp-content\/uploads\/2018\/05\/Bokken-Christian-Patrick-S\u00e9bastien-272x182.jpg 272w, http:\/\/dento-budo-dojo.fr\/wp-content\/uploads\/2018\/05\/Bokken-Christian-Patrick-S\u00e9bastien-300x200.jpg 300w, http:\/\/dento-budo-dojo.fr\/wp-content\/uploads\/2018\/05\/Bokken-Christian-Patrick-S\u00e9bastien-400x267.jpg 400w, http:\/\/dento-budo-dojo.fr\/wp-content\/uploads\/2018\/05\/Bokken-Christian-Patrick-S\u00e9bastien-600x400.jpg 600w, http:\/\/dento-budo-dojo.fr\/wp-content\/uploads\/2018\/05\/Bokken-Christian-Patrick-S\u00e9bastien-768x512.jpg 768w, http:\/\/dento-budo-dojo.fr\/wp-content\/uploads\/2018\/05\/Bokken-Christian-Patrick-S\u00e9bastien-800x533.jpg 800w, http:\/\/dento-budo-dojo.fr\/wp-content\/uploads\/2018\/05\/Bokken-Christian-Patrick-S\u00e9bastien-1024x683.jpg 1024w, http:\/\/dento-budo-dojo.fr\/wp-content\/uploads\/2018\/05\/Bokken-Christian-Patrick-S\u00e9bastien-1200x800.jpg 1200w, http:\/\/dento-budo-dojo.fr\/wp-content\/uploads\/2018\/05\/Bokken-Christian-Patrick-S\u00e9bastien.jpg 6480w\" sizes=\"(max-width: 6480px) 100vw, 6480px\" \/><p id=\"caption-attachment-197\" class=\"wp-caption-text\"><em><span style=\"color: #800000;\">Christian \u00e0 gauche en garde avec son boken, ainsi que Patrick \u00e0 droite et S\u00e9bastien au second plan.<\/span><\/em><\/p><\/div>\n<\/div>\n<\/div><\/div><\/div><div id=\"pgc-191-1-1\"  class=\"panel-grid-cell\" ><div id=\"panel-191-1-1-0\" class=\"so-panel widget widget_sow-editor panel-first-child panel-last-child\" data-index=\"2\" ><div\n\t\t\t\n\t\t\tclass=\"so-widget-sow-editor so-widget-sow-editor-base\"\n\t\t\t\n\t\t>\n<div class=\"siteorigin-widget-tinymce textwidget\">\n\t<\/div>\n<\/div><\/div><\/div><div id=\"pgc-191-1-2\"  class=\"panel-grid-cell\" ><div id=\"panel-191-1-2-0\" class=\"so-panel widget widget_sow-editor panel-first-child panel-last-child\" data-index=\"3\" ><div\n\t\t\t\n\t\t\tclass=\"so-widget-sow-editor so-widget-sow-editor-base\"\n\t\t\t\n\t\t>\n<div class=\"siteorigin-widget-tinymce textwidget\">\n\t<\/div>\n<\/div><\/div><\/div><div id=\"pgc-191-1-3\"  class=\"panel-grid-cell\" ><div id=\"panel-191-1-3-0\" class=\"so-panel widget widget_sow-editor panel-first-child panel-last-child\" data-index=\"4\" ><div\n\t\t\t\n\t\t\tclass=\"so-widget-sow-editor so-widget-sow-editor-base\"\n\t\t\t\n\t\t>\n<div class=\"siteorigin-widget-tinymce textwidget\">\n\t<\/div>\n<\/div><\/div><\/div><\/div><div id=\"pg-191-2\"  class=\"panel-grid panel-no-style\" ><div id=\"pgc-191-2-0\"  class=\"panel-grid-cell\" ><div id=\"panel-191-2-0-0\" class=\"so-panel widget widget_sow-editor panel-first-child panel-last-child\" data-index=\"5\" ><div\n\t\t\t\n\t\t\tclass=\"so-widget-sow-editor so-widget-sow-editor-base\"\n\t\t\t\n\t\t>\n<div class=\"siteorigin-widget-tinymce textwidget\">\n\t<\/div>\n<\/div><\/div><\/div><div id=\"pgc-191-2-1\"  class=\"panel-grid-cell\" ><div id=\"panel-191-2-1-0\" class=\"so-panel widget widget_sow-editor panel-first-child panel-last-child\" data-index=\"6\" ><div\n\t\t\t\n\t\t\tclass=\"so-widget-sow-editor so-widget-sow-editor-base\"\n\t\t\t\n\t\t>\n<div class=\"siteorigin-widget-tinymce textwidget\">\n\t<\/div>\n<\/div><\/div><\/div><div id=\"pgc-191-2-2\"  class=\"panel-grid-cell\" ><div id=\"panel-191-2-2-0\" class=\"so-panel widget widget_sow-editor panel-first-child panel-last-child\" data-index=\"7\" ><div\n\t\t\t\n\t\t\tclass=\"so-widget-sow-editor so-widget-sow-editor-base\"\n\t\t\t\n\t\t>\n<div class=\"siteorigin-widget-tinymce textwidget\">\n\t<\/div>\n<\/div><\/div><\/div><div id=\"pgc-191-2-3\"  class=\"panel-grid-cell\" ><div id=\"panel-191-2-3-0\" class=\"so-panel widget widget_sow-editor panel-first-child panel-last-child\" data-index=\"8\" ><div\n\t\t\t\n\t\t\tclass=\"so-widget-sow-editor so-widget-sow-editor-base\"\n\t\t\t\n\t\t>\n<div class=\"siteorigin-widget-tinymce textwidget\">\n\t<\/div>\n<\/div><\/div><\/div><\/div><div id=\"pg-191-3\"  class=\"panel-grid panel-no-style\" ><div id=\"pgc-191-3-0\"  class=\"panel-grid-cell\" ><div id=\"panel-191-3-0-0\" class=\"so-panel widget widget_sow-editor panel-first-child panel-last-child\" data-index=\"9\" ><div\n\t\t\t\n\t\t\tclass=\"so-widget-sow-editor so-widget-sow-editor-base\"\n\t\t\t\n\t\t>\n<div class=\"siteorigin-widget-tinymce textwidget\">\n\t<\/div>\n<\/div><\/div><\/div><div id=\"pgc-191-3-1\"  class=\"panel-grid-cell\" ><div id=\"panel-191-3-1-0\" class=\"so-panel widget widget_sow-editor panel-first-child panel-last-child\" data-index=\"10\" ><div\n\t\t\t\n\t\t\tclass=\"so-widget-sow-editor so-widget-sow-editor-base\"\n\t\t\t\n\t\t>\n<div class=\"siteorigin-widget-tinymce textwidget\">\n\t<\/div>\n<\/div><\/div><\/div><div id=\"pgc-191-3-2\"  class=\"panel-grid-cell\" ><div id=\"panel-191-3-2-0\" class=\"so-panel widget widget_sow-editor panel-first-child panel-last-child\" data-index=\"11\" ><div\n\t\t\t\n\t\t\tclass=\"so-widget-sow-editor so-widget-sow-editor-base\"\n\t\t\t\n\t\t>\n<div class=\"siteorigin-widget-tinymce textwidget\">\n\t<\/div>\n<\/div><\/div><\/div><\/div><div id=\"pg-191-4\"  class=\"panel-grid panel-no-style\" ><div id=\"pgc-191-4-0\"  class=\"panel-grid-cell\" ><div id=\"panel-191-4-0-0\" class=\"so-panel widget widget_sow-editor panel-first-child panel-last-child\" data-index=\"12\" ><div\n\t\t\t\n\t\t\tclass=\"so-widget-sow-editor so-widget-sow-editor-base\"\n\t\t\t\n\t\t>\n<div class=\"siteorigin-widget-tinymce textwidget\">\n\t<\/div>\n<\/div><\/div><\/div><div id=\"pgc-191-4-1\"  class=\"panel-grid-cell\" ><div id=\"panel-191-4-1-0\" class=\"so-panel widget widget_sow-editor panel-first-child panel-last-child\" data-index=\"13\" ><div\n\t\t\t\n\t\t\tclass=\"so-widget-sow-editor so-widget-sow-editor-base\"\n\t\t\t\n\t\t>\n<div class=\"siteorigin-widget-tinymce textwidget\">\n\t<\/div>\n<\/div><\/div><\/div><div id=\"pgc-191-4-2\"  class=\"panel-grid-cell\" ><div id=\"panel-191-4-2-0\" class=\"so-panel widget widget_sow-editor panel-first-child panel-last-child\" data-index=\"14\" ><div\n\t\t\t\n\t\t\tclass=\"so-widget-sow-editor so-widget-sow-editor-base\"\n\t\t\t\n\t\t>\n<div class=\"siteorigin-widget-tinymce textwidget\">\n\t<\/div>\n<\/div><\/div><\/div><\/div><\/div>","protected":false},"excerpt":{"rendered":"<p>Mai 2018, week-end de la Pentec\u00f4te. La p\u00e9riode printani\u00e8re est [&hellip;]<\/p>\n","protected":false},"author":1,"featured_media":0,"parent":0,"menu_order":0,"comment_status":"closed","ping_status":"closed","template":"","meta":{"footnotes":""},"class_list":["post-191","page","type-page","status-publish","hentry"],"yoast_head":"<!-- This site is optimized with the Yoast SEO plugin v24.1 - https:\/\/yoast.com\/wordpress\/plugins\/seo\/ -->\n<title>Stage de printemps 2018 - Dento Budo Dojo<\/title>\n<meta name=\"robots\" content=\"index, follow, max-snippet:-1, max-image-preview:large, max-video-preview:-1\" \/>\n<link rel=\"canonical\" href=\"http:\/\/dento-budo-dojo.fr\/?page_id=191\" \/>\n<meta property=\"og:locale\" content=\"fr_FR\" \/>\n<meta property=\"og:type\" content=\"article\" \/>\n<meta property=\"og:title\" content=\"Stage de printemps 2018 - Dento Budo Dojo\" \/>\n<meta property=\"og:description\" content=\"Mai 2018, week-end de la Pentec\u00f4te. La p\u00e9riode printani\u00e8re est [&hellip;]\" \/>\n<meta property=\"og:url\" content=\"http:\/\/dento-budo-dojo.fr\/?page_id=191\" \/>\n<meta property=\"og:site_name\" content=\"Dento Budo Dojo\" \/>\n<meta property=\"article:modified_time\" content=\"2019-05-01T13:31:29+00:00\" \/>\n<meta property=\"og:image\" content=\"http:\/\/dento-budo-dojo.fr\/wp-content\/uploads\/2018\/05\/Stage-de-printemps-2018-groupe.jpg\" \/>\n<meta name=\"twitter:card\" content=\"summary_large_image\" \/>\n<meta name=\"twitter:label1\" content=\"Dur\u00e9e de lecture estim\u00e9e\" \/>\n\t<meta name=\"twitter:data1\" content=\"5 minutes\" \/>\n<script type=\"application\/ld+json\" class=\"yoast-schema-graph\">{\"@context\":\"https:\/\/schema.org\",\"@graph\":[{\"@type\":\"WebPage\",\"@id\":\"http:\/\/dento-budo-dojo.fr\/?page_id=191\",\"url\":\"http:\/\/dento-budo-dojo.fr\/?page_id=191\",\"name\":\"Stage de printemps 2018 - Dento Budo Dojo\",\"isPartOf\":{\"@id\":\"http:\/\/dento-budo-dojo.fr\/#website\"},\"primaryImageOfPage\":{\"@id\":\"http:\/\/dento-budo-dojo.fr\/?page_id=191#primaryimage\"},\"image\":{\"@id\":\"http:\/\/dento-budo-dojo.fr\/?page_id=191#primaryimage\"},\"thumbnailUrl\":\"http:\/\/dento-budo-dojo.fr\/wp-content\/uploads\/2018\/05\/Stage-de-printemps-2018-groupe.jpg\",\"datePublished\":\"2018-05-29T16:29:55+00:00\",\"dateModified\":\"2019-05-01T13:31:29+00:00\",\"breadcrumb\":{\"@id\":\"http:\/\/dento-budo-dojo.fr\/?page_id=191#breadcrumb\"},\"inLanguage\":\"fr-FR\",\"potentialAction\":[{\"@type\":\"ReadAction\",\"target\":[\"http:\/\/dento-budo-dojo.fr\/?page_id=191\"]}]},{\"@type\":\"ImageObject\",\"inLanguage\":\"fr-FR\",\"@id\":\"http:\/\/dento-budo-dojo.fr\/?page_id=191#primaryimage\",\"url\":\"http:\/\/dento-budo-dojo.fr\/wp-content\/uploads\/2018\/05\/Stage-de-printemps-2018-groupe.jpg\",\"contentUrl\":\"http:\/\/dento-budo-dojo.fr\/wp-content\/uploads\/2018\/05\/Stage-de-printemps-2018-groupe.jpg\",\"width\":3984,\"height\":1072,\"caption\":\"Groupe imposant lors de ce stage de printemps 2018.\"},{\"@type\":\"BreadcrumbList\",\"@id\":\"http:\/\/dento-budo-dojo.fr\/?page_id=191#breadcrumb\",\"itemListElement\":[{\"@type\":\"ListItem\",\"position\":1,\"name\":\"Accueil\",\"item\":\"http:\/\/dento-budo-dojo.fr\/\"},{\"@type\":\"ListItem\",\"position\":2,\"name\":\"Stage de printemps 2018\"}]},{\"@type\":\"WebSite\",\"@id\":\"http:\/\/dento-budo-dojo.fr\/#website\",\"url\":\"http:\/\/dento-budo-dojo.fr\/\",\"name\":\"Dento Budo Dojo\",\"description\":\"Ne pas se battre, ne pas subir.\",\"potentialAction\":[{\"@type\":\"SearchAction\",\"target\":{\"@type\":\"EntryPoint\",\"urlTemplate\":\"http:\/\/dento-budo-dojo.fr\/?s={search_term_string}\"},\"query-input\":{\"@type\":\"PropertyValueSpecification\",\"valueRequired\":true,\"valueName\":\"search_term_string\"}}],\"inLanguage\":\"fr-FR\"}]}<\/script>\n<!-- \/ Yoast SEO plugin. -->","yoast_head_json":{"title":"Stage de printemps 2018 - Dento Budo Dojo","robots":{"index":"index","follow":"follow","max-snippet":"max-snippet:-1","max-image-preview":"max-image-preview:large","max-video-preview":"max-video-preview:-1"},"canonical":"http:\/\/dento-budo-dojo.fr\/?page_id=191","og_locale":"fr_FR","og_type":"article","og_title":"Stage de printemps 2018 - Dento Budo Dojo","og_description":"Mai 2018, week-end de la Pentec\u00f4te. La p\u00e9riode printani\u00e8re est [&hellip;]","og_url":"http:\/\/dento-budo-dojo.fr\/?page_id=191","og_site_name":"Dento Budo Dojo","article_modified_time":"2019-05-01T13:31:29+00:00","og_image":[{"url":"http:\/\/dento-budo-dojo.fr\/wp-content\/uploads\/2018\/05\/Stage-de-printemps-2018-groupe.jpg","type":"","width":"","height":""}],"twitter_card":"summary_large_image","twitter_misc":{"Dur\u00e9e de lecture estim\u00e9e":"5 minutes"},"schema":{"@context":"https:\/\/schema.org","@graph":[{"@type":"WebPage","@id":"http:\/\/dento-budo-dojo.fr\/?page_id=191","url":"http:\/\/dento-budo-dojo.fr\/?page_id=191","name":"Stage de printemps 2018 - Dento Budo Dojo","isPartOf":{"@id":"http:\/\/dento-budo-dojo.fr\/#website"},"primaryImageOfPage":{"@id":"http:\/\/dento-budo-dojo.fr\/?page_id=191#primaryimage"},"image":{"@id":"http:\/\/dento-budo-dojo.fr\/?page_id=191#primaryimage"},"thumbnailUrl":"http:\/\/dento-budo-dojo.fr\/wp-content\/uploads\/2018\/05\/Stage-de-printemps-2018-groupe.jpg","datePublished":"2018-05-29T16:29:55+00:00","dateModified":"2019-05-01T13:31:29+00:00","breadcrumb":{"@id":"http:\/\/dento-budo-dojo.fr\/?page_id=191#breadcrumb"},"inLanguage":"fr-FR","potentialAction":[{"@type":"ReadAction","target":["http:\/\/dento-budo-dojo.fr\/?page_id=191"]}]},{"@type":"ImageObject","inLanguage":"fr-FR","@id":"http:\/\/dento-budo-dojo.fr\/?page_id=191#primaryimage","url":"http:\/\/dento-budo-dojo.fr\/wp-content\/uploads\/2018\/05\/Stage-de-printemps-2018-groupe.jpg","contentUrl":"http:\/\/dento-budo-dojo.fr\/wp-content\/uploads\/2018\/05\/Stage-de-printemps-2018-groupe.jpg","width":3984,"height":1072,"caption":"Groupe imposant lors de ce stage de printemps 2018."},{"@type":"BreadcrumbList","@id":"http:\/\/dento-budo-dojo.fr\/?page_id=191#breadcrumb","itemListElement":[{"@type":"ListItem","position":1,"name":"Accueil","item":"http:\/\/dento-budo-dojo.fr\/"},{"@type":"ListItem","position":2,"name":"Stage de printemps 2018"}]},{"@type":"WebSite","@id":"http:\/\/dento-budo-dojo.fr\/#website","url":"http:\/\/dento-budo-dojo.fr\/","name":"Dento Budo Dojo","description":"Ne pas se battre, ne pas subir.","potentialAction":[{"@type":"SearchAction","target":{"@type":"EntryPoint","urlTemplate":"http:\/\/dento-budo-dojo.fr\/?s={search_term_string}"},"query-input":{"@type":"PropertyValueSpecification","valueRequired":true,"valueName":"search_term_string"}}],"inLanguage":"fr-FR"}]}},"_links":{"self":[{"href":"http:\/\/dento-budo-dojo.fr\/index.php?rest_route=\/wp\/v2\/pages\/191","targetHints":{"allow":["GET"]}}],"collection":[{"href":"http:\/\/dento-budo-dojo.fr\/index.php?rest_route=\/wp\/v2\/pages"}],"about":[{"href":"http:\/\/dento-budo-dojo.fr\/index.php?rest_route=\/wp\/v2\/types\/page"}],"author":[{"embeddable":true,"href":"http:\/\/dento-budo-dojo.fr\/index.php?rest_route=\/wp\/v2\/users\/1"}],"replies":[{"embeddable":true,"href":"http:\/\/dento-budo-dojo.fr\/index.php?rest_route=%2Fwp%2Fv2%2Fcomments&post=191"}],"version-history":[{"count":18,"href":"http:\/\/dento-budo-dojo.fr\/index.php?rest_route=\/wp\/v2\/pages\/191\/revisions"}],"predecessor-version":[{"id":194,"href":"http:\/\/dento-budo-dojo.fr\/index.php?rest_route=\/wp\/v2\/pages\/191\/revisions\/194"}],"wp:attachment":[{"href":"http:\/\/dento-budo-dojo.fr\/index.php?rest_route=%2Fwp%2Fv2%2Fmedia&parent=191"}],"curies":[{"name":"wp","href":"https:\/\/api.w.org\/{rel}","templated":true}]}}